{"id":376,"date":"2015-01-08T14:29:45","date_gmt":"2015-01-08T13:29:45","guid":{"rendered":"https:\/\/www.montedocasarao.com\/rust-privacy-2\/"},"modified":"2020-12-14T12:25:22","modified_gmt":"2020-12-14T12:25:22","slug":"outdoor-alentejo","status":"publish","type":"page","link":"https:\/\/www.montedocasarao.com\/de\/monte-do-casarao\/outdoor-alentejo\/","title":{"rendered":"Sportliche Aktivit\u00e4ten"},"content":{"rendered":"<div class=\"wpb-content-wrapper\">[vc_row fullwidth=&#8220;true&#8220; fullwidth_content=&#8220;false&#8220; el_class=&#8220;background-monte-row-home showcase-image&#8220; css=&#8220;.vc_custom_1519055807128{margin-top: 0px !important;margin-right: 0px !important;margin-bottom: 0px !important;margin-left: 0px !important;padding-top: 0px !important;padding-right: 0px !important;padding-bottom: 0px !important;padding-left: 0px !important;}&#8220;][vc_column css=&#8220;.vc_custom_1519055822648{margin-top: 0px !important;margin-right: 0px !important;margin-bottom: 0px !important;margin-left: 0px !important;padding-top: 0px !important;padding-right: 0px !important;padding-bottom: 0px !important;padding-left: 0px !important;}&#8220;][vc_single_image image=&#8220;4870&#8243; img_size=&#8220;full&#8220; alignment=&#8220;center&#8220;][\/vc_column][\/vc_row][vc_row css=&#8220;.vc_custom_1431852316749{margin-bottom: 1% !important;}&#8220;][vc_column width=&#8220;1\/6&#8243;][\/vc_column][vc_column width=&#8220;2\/3&#8243;][vc_column_text css=&#8220;.vc_custom_1607948709983{margin-bottom: 0px !important;}&#8220;]\n<h1 style=\"text-align: center;\">Sportliche Aktivit\u00e4ten<\/h1>\n<p>Wandern und Schwimmen sind wunderbar und sehr gut f\u00fcr den K\u00f6rper, aber es gibt noch einige andere M\u00f6glichkeiten, den Tag sportlich zu verbringen.<\/p>\n<p>Wie w\u00e4re es mit einem Tag beim Surfen? Sohn Bas ist ein qualifizierter, erfahrener und geduldiger Surflehrer und bringt jungen (und alten) Menschen gerne die Tricks des Surfens bei. Wenn Sie lieber Unterricht in einer Surfschule nehmen m\u00f6chten, ist dies ebenfalls m\u00f6glich. Es gibt hier in der Gegend zwei ausgezeichnete Surfschulen, zu denen wir gute Kontakte pflegen.<\/p>\n<p>Das Reiten in diesem Gebiet ist ein Fest f\u00fcr sich. Reiten bei Mondschein, Schwimmen mit Pferden&#8230; Schon mal gemacht? Wir haben mehrere Reitadressen f\u00fcr Sie.<\/p>\n<p>Vom Monte do Casar\u00e3o aus k\u00f6nnen viele Wanderwege auch mit dem Mountainbike zur\u00fcckgelegt werden. Auch gro\u00dfe Teile der historischen Route der Rota Vicentina sind f\u00fcr das Mountainbiken geeignet. Erscheint es Ihnen zu h\u00fcgelig und zu schwer? Dann k\u00f6nnte ein E-Bike etwas f\u00fcr Sie sein. Die R\u00e4der werden Ihnen nach Hause geliefert, auf Ihren eigenen Berg, inklusive Helm und Band.<\/p>\n<p>Kanufahren auf der Mira, stromaufw\u00e4rts oder stromabw\u00e4rts, je nach Gezeiten. Nehmen Sie auf dem Weg ein Bad im Mira. Oder legen Sie f\u00fcr einen Boxenstopp an. Der Alentejo vom Wasser aus.<\/p>\n[\/vc_column_text][\/vc_column][vc_column width=&#8220;1\/6&#8243;][\/vc_column][\/vc_row][vc_row][vc_column css=&#8220;.vc_custom_1519260003473{padding-top: 2% !important;padding-bottom: 3% !important;}&#8220; offset=&#8220;vc_hidden-xs&#8220;][vc_masonry_media_grid element_width=&#8220;2&#8243; filter_size=&#8220;md&#8220; arrows_design=&#8220;none&#8220; arrows_position=&#8220;inside&#8220; arrows_color=&#8220;blue&#8220; paging_design=&#8220;radio_dots&#8220; paging_color=&#8220;grey&#8220; loop=&#8220;&#8220; autoplay=&#8220;-1&#8243; include=&#8220;4822,4734,4738,4762,4746,4750,4754,4758,4770,4722,4774,4778,4782,4786,4826,4838,4766,4846,4850,4854,4858,4862,12198,12202&#8243; grid_id=&#8220;vc_gid:1607948537856-2894224e-43f1-3&#8243;][\/vc_column][\/vc_row][vc_row][vc_column css=&#8220;.vc_custom_1519124878614{padding-top: 2% !important;padding-bottom: 3% !important;}&#8220; offset=&#8220;vc_hidden-lg vc_hidden-md vc_hidden-sm&#8220;][vc_images_carousel images=&#8220;4822,4734,4738,4762,4746,4750,4754,4758,4770,4722,4774,4778,4782,4786,4826,4838,4766,4846,4850,4854,4858,4862,12198,12202&#8243; img_size=&#8220;full&#8220; onclick=&#8220;link_no&#8220;][\/vc_column][\/vc_row][vc_row fullwidth=&#8220;true&#8220; fullwidth_content=&#8220;false&#8220; el_class=&#8220;background&#8220; css=&#8220;.vc_custom_1519085074946{padding-top: 0px !important;padding-bottom: 0px !important;}&#8220;][vc_column css=&#8220;.vc_custom_1519085062491{padding-top: 0px !important;padding-bottom: 0px !important;}&#8220;][vc_row_inner el_class=&#8220;midden row-background-1200&#8243; css=&#8220;.vc_custom_1519085098693{padding-top: 0px !important;padding-bottom: 0px !important;}&#8220;][vc_column_inner el_class=&#8220;green-red-section-kolomn-1&#8243; width=&#8220;1\/4&#8243;][vc_empty_space height=&#8220;40px&#8220;][vc_widget_sidebar sidebar_id=&#8220;sidebar-3&#8243;][vc_empty_space height=&#8220;40px&#8220;][\/vc_column_inner][vc_column_inner el_class=&#8220;blok23_schilderweek green-red-section-kolomn-2&#8243; width=&#8220;1\/4&#8243;][vc_empty_space height=&#8220;40px&#8220;][vc_widget_sidebar sidebar_id=&#8220;sidebar-5&#8243;][vc_empty_space height=&#8220;40px&#8220;][\/vc_column_inner][vc_column_inner el_class=&#8220;blok4_nieuwsbrief green-red-section-kolomn-3&#8243; width=&#8220;1\/2&#8243;][vc_empty_space height=&#8220;40px&#8220;][vc_widget_sidebar sidebar_id=&#8220;sidebar-4&#8243;][vc_empty_space height=&#8220;40px&#8220;][\/vc_column_inner][\/vc_row_inner][\/vc_column][\/vc_row][vc_row css=&#8220;.vc_custom_1518140259470{padding-top: 50px !important;padding-bottom: 50px !important;}&#8220;][vc_column][vc_column_text css=&#8220;.vc_custom_1518167160903{margin-bottom: 0px !important;}&#8220;]\n<h2 style=\"text-align: center;\">LEES HIER ONZE BLOGS<\/h2>\n[\/vc_column_text][mk_blog_teaser orderby=&#8220;rand&#8220;][\/vc_column][\/vc_row]\n<\/div>","protected":false},"excerpt":{"rendered":"<p>[vc_row fullwidth=&#8220;true&#8220; fullwidth_content=&#8220;false&#8220; el_class=&#8220;background-monte-row-home showcase-image&#8220; css=&#8220;.vc_custom_1519055807128{margin-top: 0px !important;margin-right: 0px !important;margin-bottom: 0px !important;margin-left: 0px !important;padding-top: 0px !important;padding-right: 0px !important;padding-bottom: 0px !important;padding-left: 0px !important;}&#8220;][vc_column css=&#8220;.vc_custom_1519055822648{margin-top: 0px !important;margin-right: 0px !important;margin-bottom: 0px !important;margin-left: 0px !important;padding-top: 0px !important;padding-right: 0px !important;padding-bottom: 0px !important;padding-left: 0px !important;}&#8220;][vc_single_image image=&#8220;4870&#8243; img_size=&#8220;full&#8220; alignment=&#8220;center&#8220;][\/vc_column][\/vc_row][vc_row css=&#8220;.vc_custom_1431852316749{margin-bottom: 1% !important;}&#8220;][vc_column width=&#8220;1\/6&#8243;][\/vc_column][vc_column width=&#8220;2\/3&#8243;][vc_column_text css=&#8220;.vc_custom_1607948709983{margin-bottom: 0px !important;}&#8220;] Sportliche Aktivit\u00e4ten Wandern und Schwimmen [&hellip;]<\/p>\n","protected":false},"author":5,"featured_media":4876,"parent":8195,"menu_order":0,"comment_status":"open","ping_status":"open","template":"","meta":{"_monsterinsights_skip_tracking":false,"_monsterinsights_sitenote_active":false,"_monsterinsights_sitenote_note":"","_monsterinsights_sitenote_category":0,"footnotes":""},"class_list":["post-376","page","type-page","status-publish","has-post-thumbnail","hentry"],"yoast_head":"<!-- This site is optimized with the Yoast SEO plugin v27.1.1 - https:\/\/yoast.com\/product\/yoast-seo-wordpress\/ -->\n<title>Sportliche Aktivit\u00e4ten - Monte do Casar\u00e3o<\/title>\n<meta name=\"description\" content=\"outdoor Alentejo: surfen, paardrijden, mountainbiken, kano\u00ebn, vissen, duiken: een manier om de Alentejo sportief te ontdekken.\" \/>\n<meta name=\"robots\" content=\"index, follow, max-snippet:-1, max-image-preview:large, max-video-preview:-1\" \/>\n<link rel=\"canonical\" href=\"https:\/\/www.montedocasarao.com\/de\/monte-do-casarao\/outdoor-alentejo\/\" \/>\n<meta property=\"og:locale\" content=\"de_DE\" \/>\n<meta property=\"og:type\" content=\"article\" \/>\n<meta property=\"og:title\" content=\"Sportliche Aktivit\u00e4ten - Monte do Casar\u00e3o\" \/>\n<meta property=\"og:description\" content=\"outdoor Alentejo: surfen, paardrijden, mountainbiken, kano\u00ebn, vissen, duiken: een manier om de Alentejo sportief te ontdekken.\" \/>\n<meta property=\"og:url\" content=\"https:\/\/www.montedocasarao.com\/de\/monte-do-casarao\/outdoor-alentejo\/\" \/>\n<meta property=\"og:site_name\" content=\"Monte do Casar\u00e3o\" \/>\n<meta property=\"article:publisher\" content=\"https:\/\/www.facebook.com\/MonteDoCasarao\" \/>\n<meta property=\"article:modified_time\" content=\"2020-12-14T12:25:22+00:00\" \/>\n<meta property=\"og:image\" content=\"https:\/\/www.montedocasarao.com\/wp-content\/uploads\/2015\/01\/Vakantie-in-Portugal-MdC-Activiteiten-20.jpg\" \/>\n\t<meta property=\"og:image:width\" content=\"800\" \/>\n\t<meta property=\"og:image:height\" content=\"450\" \/>\n\t<meta property=\"og:image:type\" content=\"image\/jpeg\" \/>\n<meta name=\"twitter:label1\" content=\"Gesch\u00e4tzte Lesezeit\" \/>\n\t<meta name=\"twitter:data1\" content=\"3\u00a0Minuten\" \/>\n<script type=\"application\/ld+json\" class=\"yoast-schema-graph\">{\"@context\":\"https:\/\/schema.org\",\"@graph\":[{\"@type\":\"WebPage\",\"@id\":\"https:\/\/www.montedocasarao.com\/de\/monte-do-casarao\/outdoor-alentejo\/\",\"url\":\"https:\/\/www.montedocasarao.com\/de\/monte-do-casarao\/outdoor-alentejo\/\",\"name\":\"Sportliche Aktivit\u00e4ten - Monte do Casar\u00e3o\",\"isPartOf\":{\"@id\":\"https:\/\/www.montedocasarao.com\/#website\"},\"primaryImageOfPage\":{\"@id\":\"https:\/\/www.montedocasarao.com\/de\/monte-do-casarao\/outdoor-alentejo\/#primaryimage\"},\"image\":{\"@id\":\"https:\/\/www.montedocasarao.com\/de\/monte-do-casarao\/outdoor-alentejo\/#primaryimage\"},\"thumbnailUrl\":\"https:\/\/www.montedocasarao.com\/wp-content\/uploads\/2015\/01\/Vakantie-in-Portugal-MdC-Activiteiten-20.jpg\",\"datePublished\":\"2015-01-08T13:29:45+00:00\",\"dateModified\":\"2020-12-14T12:25:22+00:00\",\"description\":\"outdoor Alentejo: surfen, paardrijden, mountainbiken, kano\u00ebn, vissen, duiken: een manier om de Alentejo sportief te ontdekken.\",\"breadcrumb\":{\"@id\":\"https:\/\/www.montedocasarao.com\/de\/monte-do-casarao\/outdoor-alentejo\/#breadcrumb\"},\"inLanguage\":\"de\",\"potentialAction\":[{\"@type\":\"ReadAction\",\"target\":[\"https:\/\/www.montedocasarao.com\/de\/monte-do-casarao\/outdoor-alentejo\/\"]}]},{\"@type\":\"ImageObject\",\"inLanguage\":\"de\",\"@id\":\"https:\/\/www.montedocasarao.com\/de\/monte-do-casarao\/outdoor-alentejo\/#primaryimage\",\"url\":\"https:\/\/www.montedocasarao.com\/wp-content\/uploads\/2015\/01\/Vakantie-in-Portugal-MdC-Activiteiten-20.jpg\",\"contentUrl\":\"https:\/\/www.montedocasarao.com\/wp-content\/uploads\/2015\/01\/Vakantie-in-Portugal-MdC-Activiteiten-20.jpg\",\"width\":800,\"height\":450},{\"@type\":\"BreadcrumbList\",\"@id\":\"https:\/\/www.montedocasarao.com\/de\/monte-do-casarao\/outdoor-alentejo\/#breadcrumb\",\"itemListElement\":[{\"@type\":\"ListItem\",\"position\":1,\"name\":\"Home\",\"item\":\"https:\/\/www.montedocasarao.com\/de\/\"},{\"@type\":\"ListItem\",\"position\":2,\"name\":\"Umgebung von Monte do Casar\u00e3o\",\"item\":\"https:\/\/www.montedocasarao.com\/de\/monte-do-casarao\/\"},{\"@type\":\"ListItem\",\"position\":3,\"name\":\"Sportliche Aktivit\u00e4ten\"}]},{\"@type\":\"WebSite\",\"@id\":\"https:\/\/www.montedocasarao.com\/#website\",\"url\":\"https:\/\/www.montedocasarao.com\/\",\"name\":\"Monte do Casar\u00e3o\",\"description\":\"\",\"publisher\":{\"@id\":\"https:\/\/www.montedocasarao.com\/#organization\"},\"potentialAction\":[{\"@type\":\"SearchAction\",\"target\":{\"@type\":\"EntryPoint\",\"urlTemplate\":\"https:\/\/www.montedocasarao.com\/?s={search_term_string}\"},\"query-input\":{\"@type\":\"PropertyValueSpecification\",\"valueRequired\":true,\"valueName\":\"search_term_string\"}}],\"inLanguage\":\"de\"},{\"@type\":\"Organization\",\"@id\":\"https:\/\/www.montedocasarao.com\/#organization\",\"name\":\"Monte do Casar\u00e3o\",\"url\":\"https:\/\/www.montedocasarao.com\/\",\"logo\":{\"@type\":\"ImageObject\",\"inLanguage\":\"de\",\"@id\":\"https:\/\/www.montedocasarao.com\/#\/schema\/logo\/image\/\",\"url\":\"https:\/\/www.montedocasarao.com\/wp-content\/uploads\/2018\/02\/logo_monte_small.png\",\"contentUrl\":\"https:\/\/www.montedocasarao.com\/wp-content\/uploads\/2018\/02\/logo_monte_small.png\",\"width\":270,\"height\":76,\"caption\":\"Monte do Casar\u00e3o\"},\"image\":{\"@id\":\"https:\/\/www.montedocasarao.com\/#\/schema\/logo\/image\/\"},\"sameAs\":[\"https:\/\/www.facebook.com\/MonteDoCasarao\"]}]}<\/script>\n<!-- \/ Yoast SEO plugin. -->","yoast_head_json":{"title":"Sportliche Aktivit\u00e4ten - Monte do Casar\u00e3o","description":"outdoor Alentejo: surfen, paardrijden, mountainbiken, kano\u00ebn, vissen, duiken: een manier om de Alentejo sportief te ontdekken.","robots":{"index":"index","follow":"follow","max-snippet":"max-snippet:-1","max-image-preview":"max-image-preview:large","max-video-preview":"max-video-preview:-1"},"canonical":"https:\/\/www.montedocasarao.com\/de\/monte-do-casarao\/outdoor-alentejo\/","og_locale":"de_DE","og_type":"article","og_title":"Sportliche Aktivit\u00e4ten - Monte do Casar\u00e3o","og_description":"outdoor Alentejo: surfen, paardrijden, mountainbiken, kano\u00ebn, vissen, duiken: een manier om de Alentejo sportief te ontdekken.","og_url":"https:\/\/www.montedocasarao.com\/de\/monte-do-casarao\/outdoor-alentejo\/","og_site_name":"Monte do Casar\u00e3o","article_publisher":"https:\/\/www.facebook.com\/MonteDoCasarao","article_modified_time":"2020-12-14T12:25:22+00:00","og_image":[{"width":800,"height":450,"url":"https:\/\/www.montedocasarao.com\/wp-content\/uploads\/2015\/01\/Vakantie-in-Portugal-MdC-Activiteiten-20.jpg","type":"image\/jpeg"}],"twitter_misc":{"Gesch\u00e4tzte Lesezeit":"3\u00a0Minuten"},"schema":{"@context":"https:\/\/schema.org","@graph":[{"@type":"WebPage","@id":"https:\/\/www.montedocasarao.com\/de\/monte-do-casarao\/outdoor-alentejo\/","url":"https:\/\/www.montedocasarao.com\/de\/monte-do-casarao\/outdoor-alentejo\/","name":"Sportliche Aktivit\u00e4ten - Monte do Casar\u00e3o","isPartOf":{"@id":"https:\/\/www.montedocasarao.com\/#website"},"primaryImageOfPage":{"@id":"https:\/\/www.montedocasarao.com\/de\/monte-do-casarao\/outdoor-alentejo\/#primaryimage"},"image":{"@id":"https:\/\/www.montedocasarao.com\/de\/monte-do-casarao\/outdoor-alentejo\/#primaryimage"},"thumbnailUrl":"https:\/\/www.montedocasarao.com\/wp-content\/uploads\/2015\/01\/Vakantie-in-Portugal-MdC-Activiteiten-20.jpg","datePublished":"2015-01-08T13:29:45+00:00","dateModified":"2020-12-14T12:25:22+00:00","description":"outdoor Alentejo: surfen, paardrijden, mountainbiken, kano\u00ebn, vissen, duiken: een manier om de Alentejo sportief te ontdekken.","breadcrumb":{"@id":"https:\/\/www.montedocasarao.com\/de\/monte-do-casarao\/outdoor-alentejo\/#breadcrumb"},"inLanguage":"de","potentialAction":[{"@type":"ReadAction","target":["https:\/\/www.montedocasarao.com\/de\/monte-do-casarao\/outdoor-alentejo\/"]}]},{"@type":"ImageObject","inLanguage":"de","@id":"https:\/\/www.montedocasarao.com\/de\/monte-do-casarao\/outdoor-alentejo\/#primaryimage","url":"https:\/\/www.montedocasarao.com\/wp-content\/uploads\/2015\/01\/Vakantie-in-Portugal-MdC-Activiteiten-20.jpg","contentUrl":"https:\/\/www.montedocasarao.com\/wp-content\/uploads\/2015\/01\/Vakantie-in-Portugal-MdC-Activiteiten-20.jpg","width":800,"height":450},{"@type":"BreadcrumbList","@id":"https:\/\/www.montedocasarao.com\/de\/monte-do-casarao\/outdoor-alentejo\/#breadcrumb","itemListElement":[{"@type":"ListItem","position":1,"name":"Home","item":"https:\/\/www.montedocasarao.com\/de\/"},{"@type":"ListItem","position":2,"name":"Umgebung von Monte do Casar\u00e3o","item":"https:\/\/www.montedocasarao.com\/de\/monte-do-casarao\/"},{"@type":"ListItem","position":3,"name":"Sportliche Aktivit\u00e4ten"}]},{"@type":"WebSite","@id":"https:\/\/www.montedocasarao.com\/#website","url":"https:\/\/www.montedocasarao.com\/","name":"Monte do Casar\u00e3o","description":"","publisher":{"@id":"https:\/\/www.montedocasarao.com\/#organization"},"potentialAction":[{"@type":"SearchAction","target":{"@type":"EntryPoint","urlTemplate":"https:\/\/www.montedocasarao.com\/?s={search_term_string}"},"query-input":{"@type":"PropertyValueSpecification","valueRequired":true,"valueName":"search_term_string"}}],"inLanguage":"de"},{"@type":"Organization","@id":"https:\/\/www.montedocasarao.com\/#organization","name":"Monte do Casar\u00e3o","url":"https:\/\/www.montedocasarao.com\/","logo":{"@type":"ImageObject","inLanguage":"de","@id":"https:\/\/www.montedocasarao.com\/#\/schema\/logo\/image\/","url":"https:\/\/www.montedocasarao.com\/wp-content\/uploads\/2018\/02\/logo_monte_small.png","contentUrl":"https:\/\/www.montedocasarao.com\/wp-content\/uploads\/2018\/02\/logo_monte_small.png","width":270,"height":76,"caption":"Monte do Casar\u00e3o"},"image":{"@id":"https:\/\/www.montedocasarao.com\/#\/schema\/logo\/image\/"},"sameAs":["https:\/\/www.facebook.com\/MonteDoCasarao"]}]}},"_links":{"self":[{"href":"https:\/\/www.montedocasarao.com\/de\/wp-json\/wp\/v2\/pages\/376","targetHints":{"allow":["GET"]}}],"collection":[{"href":"https:\/\/www.montedocasarao.com\/de\/wp-json\/wp\/v2\/pages"}],"about":[{"href":"https:\/\/www.montedocasarao.com\/de\/wp-json\/wp\/v2\/types\/page"}],"author":[{"embeddable":true,"href":"https:\/\/www.montedocasarao.com\/de\/wp-json\/wp\/v2\/users\/5"}],"replies":[{"embeddable":true,"href":"https:\/\/www.montedocasarao.com\/de\/wp-json\/wp\/v2\/comments?post=376"}],"version-history":[{"count":8,"href":"https:\/\/www.montedocasarao.com\/de\/wp-json\/wp\/v2\/pages\/376\/revisions"}],"predecessor-version":[{"id":14836,"href":"https:\/\/www.montedocasarao.com\/de\/wp-json\/wp\/v2\/pages\/376\/revisions\/14836"}],"up":[{"embeddable":true,"href":"https:\/\/www.montedocasarao.com\/de\/wp-json\/wp\/v2\/pages\/8195"}],"wp:featuredmedia":[{"embeddable":true,"href":"https:\/\/www.montedocasarao.com\/de\/wp-json\/wp\/v2\/media\/4876"}],"wp:attachment":[{"href":"https:\/\/www.montedocasarao.com\/de\/wp-json\/wp\/v2\/media?parent=376"}],"curies":[{"name":"wp","href":"https:\/\/api.w.org\/{rel}","templated":true}]}}