{"id":385,"date":"2015-01-08T14:34:14","date_gmt":"2015-01-08T13:34:14","guid":{"rendered":"https:\/\/www.montedocasarao.com\/zwembad-2\/"},"modified":"2020-12-14T12:34:26","modified_gmt":"2020-12-14T12:34:26","slug":"zwembad-op-de-berg","status":"publish","type":"page","link":"https:\/\/www.montedocasarao.com\/de\/monte-do-casarao\/zwembad-op-de-berg\/","title":{"rendered":"Der Pool auf dem Berg"},"content":{"rendered":"<div class=\"wpb-content-wrapper\">[vc_row fullwidth=&#8220;true&#8220; fullwidth_content=&#8220;false&#8220; el_class=&#8220;background-monte-row-home showcase-image&#8220; css=&#8220;.vc_custom_1519055807128{margin-top: 0px !important;margin-right: 0px !important;margin-bottom: 0px !important;margin-left: 0px !important;padding-top: 0px !important;padding-right: 0px !important;padding-bottom: 0px !important;padding-left: 0px !important;}&#8220;][vc_column css=&#8220;.vc_custom_1519055822648{margin-top: 0px !important;margin-right: 0px !important;margin-bottom: 0px !important;margin-left: 0px !important;padding-top: 0px !important;padding-right: 0px !important;padding-bottom: 0px !important;padding-left: 0px !important;}&#8220;][vc_single_image image=&#8220;3652&#8243; img_size=&#8220;1200&#215;315&#8243; alignment=&#8220;center&#8220;][\/vc_column][\/vc_row][vc_row][vc_column width=&#8220;1\/6&#8243;][\/vc_column][vc_column width=&#8220;2\/3&#8243;][vc_column_text css=&#8220;.vc_custom_1607949075270{margin-bottom: 0px !important;}&#8220;]\n<h1 style=\"text-align: center;\">Der Pool auf dem Berg<\/h1>\n<p>Wie die Ferienh\u00e4user auf dem Monte do Casarao liegt auch das Schwimmbad auf einem eigenen Berg. Und was gibt es Sch\u00f6neres, als in einem Pool auf dem Berg zu schwimmen? Sch\u00f6ne Temperatur, sch\u00f6nes klares Wasser. Schwimmen am fr\u00fchen Morgen, gleich nach dem Aufwachen, am Nachmittag nach einem Spaziergang oder nach einem Tag am Strand, am Abend, sehr romantisch, bei Mondschein oder &#8211; in Abwesenheit des Mondes &#8211; mit eingeschalteter Unterwasserbeleuchtung!<\/p>\n<h3>Pr\u00e4chtige Aussicht<\/h3>\n<p>Auch wenn Sie nicht so gerne schwimmen, ist es trotzdem sch\u00f6n, am Pool zu sein. Sie haben eine sch\u00f6ne Aussicht. Liegest\u00fchle, strahlender Sonnenschein, ein Buch und ein Vinho Verde machen das Urlaubsgef\u00fchl komplett.<\/p>\n<h3>Reinigung durch Salz<\/h3>\n<p>Der Pool auf dem Berg ist 12 x 6 Meter gro\u00df und die Tiefe reicht von 1,10 bis 1,80 Meter. Das Wasser wird durch ein auf Salz basierendes System gereinigt. Der Pool wird von der Sonne beheizt. Von Ende November bis Anfang M\u00e4rz kann das Wasser noch ein wenig frisch sein.<\/p>\n<h3>F\u00fcr die Kleinen<\/h3>\n<p>Es gibt reichlich Spielzeug f\u00fcr das Wasser. Wir haben auch aufblasbare Kunststoffb\u00e4der. F\u00fcr die J\u00fcngsten m\u00fcssen Sie Ihre eigenen (tuv-gepr\u00fcften) Schwimmgurte mitbringen. Es gibt keinen Sicherheitsdienst am Pool. Solange Ihre Kinder noch nicht schwimmen k\u00f6nnen, d\u00fcrfen Sie sie nicht alleine lassen. Sie sind zu jeder Zeit verantwortlich.<\/p>\n<h3>Boulespiel<\/h3>\n<p>Neben dem Schwimmbad befindet sich eine Bowlingbahn, die die Gr\u00f6\u00dfe einer offiziellen Wettkampfbahn hat. Wir organisieren regelm\u00e4\u00dfig ein Turnier.<br \/>\nNat\u00fcrlich k\u00f6nnen Sie auch ohne Wettkampfstress einen Ball werfen. Hervorragend f\u00fcr Konzentration und Urteilsverm\u00f6gen.<\/p>\n<h3>Erreichbarkeit<\/h3>\n<p>Das Schwimmbad ist von allen Ferienh\u00e4usern aus leicht zug\u00e4nglich. Casarao Novo ist am n\u00e4chsten, etwa 50 Meter entfernt. Casa Basta und Casa Valorosa haben einen eigenen Weg zum Pool. Autos k\u00f6nnen bis zum Pool fahren. Dies ist ausnahmsweise erlaubt.<\/p>\n<p>&nbsp;<\/p>\n[\/vc_column_text][vc_empty_space][\/vc_column][vc_column width=&#8220;1\/6&#8243;][\/vc_column][\/vc_row][vc_row][vc_column css=&#8220;.vc_custom_1519167970047{padding-top: 2% !important;padding-bottom: 3% !important;}&#8220; offset=&#8220;vc_hidden-xs&#8220;][vc_masonry_media_grid element_width=&#8220;2&#8243; filter_size=&#8220;md&#8220; arrows_design=&#8220;none&#8220; arrows_position=&#8220;inside&#8220; arrows_color=&#8220;blue&#8220; paging_design=&#8220;radio_dots&#8220; paging_color=&#8220;grey&#8220; loop=&#8220;&#8220; autoplay=&#8220;-1&#8243; include=&#8220;3576,3596,3608,3592,3616,3624,3640,3644,3668,3672,3632,7146&#8243; grid_id=&#8220;vc_gid:1607948904202-98ee6a92-401d-3&#8243;][\/vc_column][\/vc_row][vc_row][vc_column css=&#8220;.vc_custom_1519124878614{padding-top: 2% !important;padding-bottom: 3% !important;}&#8220; offset=&#8220;vc_hidden-lg vc_hidden-md vc_hidden-sm&#8220;][vc_images_carousel images=&#8220;3576,3596,3608,3592,3616,3624,3640,3644,3668,3672,3632,7146&#8243; img_size=&#8220;full&#8220; onclick=&#8220;link_no&#8220;][\/vc_column][\/vc_row][vc_row fullwidth=&#8220;true&#8220; fullwidth_content=&#8220;false&#8220; el_class=&#8220;background&#8220; css=&#8220;.vc_custom_1519085074946{padding-top: 0px !important;padding-bottom: 0px !important;}&#8220;][vc_column css=&#8220;.vc_custom_1519085062491{padding-top: 0px !important;padding-bottom: 0px !important;}&#8220;][vc_row_inner el_class=&#8220;midden row-background-1200&#8243; css=&#8220;.vc_custom_1519085098693{padding-top: 0px !important;padding-bottom: 0px !important;}&#8220;][vc_column_inner el_class=&#8220;green-red-section-kolomn-1&#8243; width=&#8220;1\/4&#8243;][vc_empty_space height=&#8220;40px&#8220;][vc_widget_sidebar sidebar_id=&#8220;sidebar-3&#8243;][vc_empty_space height=&#8220;40px&#8220;][\/vc_column_inner][vc_column_inner el_class=&#8220;blok23_schilderweek green-red-section-kolomn-2&#8243; width=&#8220;1\/4&#8243;][vc_empty_space height=&#8220;40px&#8220;][vc_widget_sidebar sidebar_id=&#8220;sidebar-5&#8243;][vc_empty_space height=&#8220;40px&#8220;][\/vc_column_inner][vc_column_inner el_class=&#8220;blok4_nieuwsbrief green-red-section-kolomn-3&#8243; width=&#8220;1\/2&#8243;][vc_empty_space height=&#8220;40px&#8220;][vc_widget_sidebar sidebar_id=&#8220;sidebar-4&#8243;][vc_empty_space height=&#8220;40px&#8220;][\/vc_column_inner][\/vc_row_inner][\/vc_column][\/vc_row][vc_row css=&#8220;.vc_custom_1518140259470{padding-top: 50px !important;padding-bottom: 50px !important;}&#8220;][vc_column][vc_column_text css=&#8220;.vc_custom_1518167160903{margin-bottom: 0px !important;}&#8220;]\n<h2 style=\"text-align: center;\">LEES HIER ONZE BLOGS<\/h2>\n[\/vc_column_text][mk_blog_teaser orderby=&#8220;rand&#8220;][\/vc_column][\/vc_row]\n<\/div>","protected":false},"excerpt":{"rendered":"<p>[vc_row fullwidth=&#8220;true&#8220; fullwidth_content=&#8220;false&#8220; el_class=&#8220;background-monte-row-home showcase-image&#8220; css=&#8220;.vc_custom_1519055807128{margin-top: 0px !important;margin-right: 0px !important;margin-bottom: 0px !important;margin-left: 0px !important;padding-top: 0px !important;padding-right: 0px !important;padding-bottom: 0px !important;padding-left: 0px !important;}&#8220;][vc_column css=&#8220;.vc_custom_1519055822648{margin-top: 0px !important;margin-right: 0px !important;margin-bottom: 0px !important;margin-left: 0px !important;padding-top: 0px !important;padding-right: 0px !important;padding-bottom: 0px !important;padding-left: 0px !important;}&#8220;][vc_single_image image=&#8220;3652&#8243; img_size=&#8220;1200&#215;315&#8243; alignment=&#8220;center&#8220;][\/vc_column][\/vc_row][vc_row][vc_column width=&#8220;1\/6&#8243;][\/vc_column][vc_column width=&#8220;2\/3&#8243;][vc_column_text css=&#8220;.vc_custom_1607949075270{margin-bottom: 0px !important;}&#8220;] Der Pool auf dem Berg Wie die Ferienh\u00e4user [&hellip;]<\/p>\n","protected":false},"author":5,"featured_media":3654,"parent":8195,"menu_order":0,"comment_status":"open","ping_status":"open","template":"","meta":{"_monsterinsights_skip_tracking":false,"_monsterinsights_sitenote_active":false,"_monsterinsights_sitenote_note":"","_monsterinsights_sitenote_category":0,"footnotes":""},"class_list":["post-385","page","type-page","status-publish","has-post-thumbnail","hentry"],"yoast_head":"<!-- This site is optimized with the Yoast SEO plugin v27.1.1 - https:\/\/yoast.com\/product\/yoast-seo-wordpress\/ -->\n<title>Der Pool auf dem Berg - Monte do Casar\u00e3o<\/title>\n<meta name=\"description\" content=\"Zwembad op de berg. www.jeeigenberg.nl. Schitterend uitzicht, rust en privacy midden in de natuur. Vakantiehuizen Monte do Casarao, Portugal Alentejo.\" \/>\n<meta name=\"robots\" content=\"index, follow, max-snippet:-1, max-image-preview:large, max-video-preview:-1\" \/>\n<link rel=\"canonical\" href=\"https:\/\/www.montedocasarao.com\/de\/monte-do-casarao\/zwembad-op-de-berg\/\" \/>\n<meta property=\"og:locale\" content=\"de_DE\" \/>\n<meta property=\"og:type\" content=\"article\" \/>\n<meta property=\"og:title\" content=\"Der Pool auf dem Berg - Monte do Casar\u00e3o\" \/>\n<meta property=\"og:description\" content=\"Zwembad op de berg. www.jeeigenberg.nl. Schitterend uitzicht, rust en privacy midden in de natuur. Vakantiehuizen Monte do Casarao, Portugal Alentejo.\" \/>\n<meta property=\"og:url\" content=\"https:\/\/www.montedocasarao.com\/de\/monte-do-casarao\/zwembad-op-de-berg\/\" \/>\n<meta property=\"og:site_name\" content=\"Monte do Casar\u00e3o\" \/>\n<meta property=\"article:publisher\" content=\"https:\/\/www.facebook.com\/MonteDoCasarao\" \/>\n<meta property=\"article:modified_time\" content=\"2020-12-14T12:34:26+00:00\" \/>\n<meta property=\"og:image\" content=\"https:\/\/www.montedocasarao.com\/wp-content\/uploads\/2015\/01\/Vakantie-in-Portugal-MdC-zwembad-21.jpg\" \/>\n\t<meta property=\"og:image:width\" content=\"1200\" \/>\n\t<meta property=\"og:image:height\" content=\"601\" \/>\n\t<meta property=\"og:image:type\" content=\"image\/jpeg\" \/>\n<meta name=\"twitter:label1\" content=\"Gesch\u00e4tzte Lesezeit\" \/>\n\t<meta name=\"twitter:data1\" content=\"3\u00a0Minuten\" \/>\n<script type=\"application\/ld+json\" class=\"yoast-schema-graph\">{\"@context\":\"https:\/\/schema.org\",\"@graph\":[{\"@type\":\"WebPage\",\"@id\":\"https:\/\/www.montedocasarao.com\/de\/monte-do-casarao\/zwembad-op-de-berg\/\",\"url\":\"https:\/\/www.montedocasarao.com\/de\/monte-do-casarao\/zwembad-op-de-berg\/\",\"name\":\"Der Pool auf dem Berg - Monte do Casar\u00e3o\",\"isPartOf\":{\"@id\":\"https:\/\/www.montedocasarao.com\/#website\"},\"primaryImageOfPage\":{\"@id\":\"https:\/\/www.montedocasarao.com\/de\/monte-do-casarao\/zwembad-op-de-berg\/#primaryimage\"},\"image\":{\"@id\":\"https:\/\/www.montedocasarao.com\/de\/monte-do-casarao\/zwembad-op-de-berg\/#primaryimage\"},\"thumbnailUrl\":\"https:\/\/www.montedocasarao.com\/wp-content\/uploads\/2015\/01\/Vakantie-in-Portugal-MdC-zwembad-21.jpg\",\"datePublished\":\"2015-01-08T13:34:14+00:00\",\"dateModified\":\"2020-12-14T12:34:26+00:00\",\"description\":\"Zwembad op de berg. www.jeeigenberg.nl. Schitterend uitzicht, rust en privacy midden in de natuur. Vakantiehuizen Monte do Casarao, Portugal Alentejo.\",\"breadcrumb\":{\"@id\":\"https:\/\/www.montedocasarao.com\/de\/monte-do-casarao\/zwembad-op-de-berg\/#breadcrumb\"},\"inLanguage\":\"de\",\"potentialAction\":[{\"@type\":\"ReadAction\",\"target\":[\"https:\/\/www.montedocasarao.com\/de\/monte-do-casarao\/zwembad-op-de-berg\/\"]}]},{\"@type\":\"ImageObject\",\"inLanguage\":\"de\",\"@id\":\"https:\/\/www.montedocasarao.com\/de\/monte-do-casarao\/zwembad-op-de-berg\/#primaryimage\",\"url\":\"https:\/\/www.montedocasarao.com\/wp-content\/uploads\/2015\/01\/Vakantie-in-Portugal-MdC-zwembad-21.jpg\",\"contentUrl\":\"https:\/\/www.montedocasarao.com\/wp-content\/uploads\/2015\/01\/Vakantie-in-Portugal-MdC-zwembad-21.jpg\",\"width\":1200,\"height\":601},{\"@type\":\"BreadcrumbList\",\"@id\":\"https:\/\/www.montedocasarao.com\/de\/monte-do-casarao\/zwembad-op-de-berg\/#breadcrumb\",\"itemListElement\":[{\"@type\":\"ListItem\",\"position\":1,\"name\":\"Home\",\"item\":\"https:\/\/www.montedocasarao.com\/de\/\"},{\"@type\":\"ListItem\",\"position\":2,\"name\":\"Umgebung von Monte do Casar\u00e3o\",\"item\":\"https:\/\/www.montedocasarao.com\/de\/monte-do-casarao\/\"},{\"@type\":\"ListItem\",\"position\":3,\"name\":\"Der Pool auf dem Berg\"}]},{\"@type\":\"WebSite\",\"@id\":\"https:\/\/www.montedocasarao.com\/#website\",\"url\":\"https:\/\/www.montedocasarao.com\/\",\"name\":\"Monte do Casar\u00e3o\",\"description\":\"\",\"publisher\":{\"@id\":\"https:\/\/www.montedocasarao.com\/#organization\"},\"potentialAction\":[{\"@type\":\"SearchAction\",\"target\":{\"@type\":\"EntryPoint\",\"urlTemplate\":\"https:\/\/www.montedocasarao.com\/?s={search_term_string}\"},\"query-input\":{\"@type\":\"PropertyValueSpecification\",\"valueRequired\":true,\"valueName\":\"search_term_string\"}}],\"inLanguage\":\"de\"},{\"@type\":\"Organization\",\"@id\":\"https:\/\/www.montedocasarao.com\/#organization\",\"name\":\"Monte do Casar\u00e3o\",\"url\":\"https:\/\/www.montedocasarao.com\/\",\"logo\":{\"@type\":\"ImageObject\",\"inLanguage\":\"de\",\"@id\":\"https:\/\/www.montedocasarao.com\/#\/schema\/logo\/image\/\",\"url\":\"https:\/\/www.montedocasarao.com\/wp-content\/uploads\/2018\/02\/logo_monte_small.png\",\"contentUrl\":\"https:\/\/www.montedocasarao.com\/wp-content\/uploads\/2018\/02\/logo_monte_small.png\",\"width\":270,\"height\":76,\"caption\":\"Monte do Casar\u00e3o\"},\"image\":{\"@id\":\"https:\/\/www.montedocasarao.com\/#\/schema\/logo\/image\/\"},\"sameAs\":[\"https:\/\/www.facebook.com\/MonteDoCasarao\"]}]}<\/script>\n<!-- \/ Yoast SEO plugin. -->","yoast_head_json":{"title":"Der Pool auf dem Berg - Monte do Casar\u00e3o","description":"Zwembad op de berg. www.jeeigenberg.nl. Schitterend uitzicht, rust en privacy midden in de natuur. Vakantiehuizen Monte do Casarao, Portugal Alentejo.","robots":{"index":"index","follow":"follow","max-snippet":"max-snippet:-1","max-image-preview":"max-image-preview:large","max-video-preview":"max-video-preview:-1"},"canonical":"https:\/\/www.montedocasarao.com\/de\/monte-do-casarao\/zwembad-op-de-berg\/","og_locale":"de_DE","og_type":"article","og_title":"Der Pool auf dem Berg - Monte do Casar\u00e3o","og_description":"Zwembad op de berg. www.jeeigenberg.nl. Schitterend uitzicht, rust en privacy midden in de natuur. Vakantiehuizen Monte do Casarao, Portugal Alentejo.","og_url":"https:\/\/www.montedocasarao.com\/de\/monte-do-casarao\/zwembad-op-de-berg\/","og_site_name":"Monte do Casar\u00e3o","article_publisher":"https:\/\/www.facebook.com\/MonteDoCasarao","article_modified_time":"2020-12-14T12:34:26+00:00","og_image":[{"width":1200,"height":601,"url":"https:\/\/www.montedocasarao.com\/wp-content\/uploads\/2015\/01\/Vakantie-in-Portugal-MdC-zwembad-21.jpg","type":"image\/jpeg"}],"twitter_misc":{"Gesch\u00e4tzte Lesezeit":"3\u00a0Minuten"},"schema":{"@context":"https:\/\/schema.org","@graph":[{"@type":"WebPage","@id":"https:\/\/www.montedocasarao.com\/de\/monte-do-casarao\/zwembad-op-de-berg\/","url":"https:\/\/www.montedocasarao.com\/de\/monte-do-casarao\/zwembad-op-de-berg\/","name":"Der Pool auf dem Berg - Monte do Casar\u00e3o","isPartOf":{"@id":"https:\/\/www.montedocasarao.com\/#website"},"primaryImageOfPage":{"@id":"https:\/\/www.montedocasarao.com\/de\/monte-do-casarao\/zwembad-op-de-berg\/#primaryimage"},"image":{"@id":"https:\/\/www.montedocasarao.com\/de\/monte-do-casarao\/zwembad-op-de-berg\/#primaryimage"},"thumbnailUrl":"https:\/\/www.montedocasarao.com\/wp-content\/uploads\/2015\/01\/Vakantie-in-Portugal-MdC-zwembad-21.jpg","datePublished":"2015-01-08T13:34:14+00:00","dateModified":"2020-12-14T12:34:26+00:00","description":"Zwembad op de berg. www.jeeigenberg.nl. Schitterend uitzicht, rust en privacy midden in de natuur. Vakantiehuizen Monte do Casarao, Portugal Alentejo.","breadcrumb":{"@id":"https:\/\/www.montedocasarao.com\/de\/monte-do-casarao\/zwembad-op-de-berg\/#breadcrumb"},"inLanguage":"de","potentialAction":[{"@type":"ReadAction","target":["https:\/\/www.montedocasarao.com\/de\/monte-do-casarao\/zwembad-op-de-berg\/"]}]},{"@type":"ImageObject","inLanguage":"de","@id":"https:\/\/www.montedocasarao.com\/de\/monte-do-casarao\/zwembad-op-de-berg\/#primaryimage","url":"https:\/\/www.montedocasarao.com\/wp-content\/uploads\/2015\/01\/Vakantie-in-Portugal-MdC-zwembad-21.jpg","contentUrl":"https:\/\/www.montedocasarao.com\/wp-content\/uploads\/2015\/01\/Vakantie-in-Portugal-MdC-zwembad-21.jpg","width":1200,"height":601},{"@type":"BreadcrumbList","@id":"https:\/\/www.montedocasarao.com\/de\/monte-do-casarao\/zwembad-op-de-berg\/#breadcrumb","itemListElement":[{"@type":"ListItem","position":1,"name":"Home","item":"https:\/\/www.montedocasarao.com\/de\/"},{"@type":"ListItem","position":2,"name":"Umgebung von Monte do Casar\u00e3o","item":"https:\/\/www.montedocasarao.com\/de\/monte-do-casarao\/"},{"@type":"ListItem","position":3,"name":"Der Pool auf dem Berg"}]},{"@type":"WebSite","@id":"https:\/\/www.montedocasarao.com\/#website","url":"https:\/\/www.montedocasarao.com\/","name":"Monte do Casar\u00e3o","description":"","publisher":{"@id":"https:\/\/www.montedocasarao.com\/#organization"},"potentialAction":[{"@type":"SearchAction","target":{"@type":"EntryPoint","urlTemplate":"https:\/\/www.montedocasarao.com\/?s={search_term_string}"},"query-input":{"@type":"PropertyValueSpecification","valueRequired":true,"valueName":"search_term_string"}}],"inLanguage":"de"},{"@type":"Organization","@id":"https:\/\/www.montedocasarao.com\/#organization","name":"Monte do Casar\u00e3o","url":"https:\/\/www.montedocasarao.com\/","logo":{"@type":"ImageObject","inLanguage":"de","@id":"https:\/\/www.montedocasarao.com\/#\/schema\/logo\/image\/","url":"https:\/\/www.montedocasarao.com\/wp-content\/uploads\/2018\/02\/logo_monte_small.png","contentUrl":"https:\/\/www.montedocasarao.com\/wp-content\/uploads\/2018\/02\/logo_monte_small.png","width":270,"height":76,"caption":"Monte do Casar\u00e3o"},"image":{"@id":"https:\/\/www.montedocasarao.com\/#\/schema\/logo\/image\/"},"sameAs":["https:\/\/www.facebook.com\/MonteDoCasarao"]}]}},"_links":{"self":[{"href":"https:\/\/www.montedocasarao.com\/de\/wp-json\/wp\/v2\/pages\/385","targetHints":{"allow":["GET"]}}],"collection":[{"href":"https:\/\/www.montedocasarao.com\/de\/wp-json\/wp\/v2\/pages"}],"about":[{"href":"https:\/\/www.montedocasarao.com\/de\/wp-json\/wp\/v2\/types\/page"}],"author":[{"embeddable":true,"href":"https:\/\/www.montedocasarao.com\/de\/wp-json\/wp\/v2\/users\/5"}],"replies":[{"embeddable":true,"href":"https:\/\/www.montedocasarao.com\/de\/wp-json\/wp\/v2\/comments?post=385"}],"version-history":[{"count":26,"href":"https:\/\/www.montedocasarao.com\/de\/wp-json\/wp\/v2\/pages\/385\/revisions"}],"predecessor-version":[{"id":14839,"href":"https:\/\/www.montedocasarao.com\/de\/wp-json\/wp\/v2\/pages\/385\/revisions\/14839"}],"up":[{"embeddable":true,"href":"https:\/\/www.montedocasarao.com\/de\/wp-json\/wp\/v2\/pages\/8195"}],"wp:featuredmedia":[{"embeddable":true,"href":"https:\/\/www.montedocasarao.com\/de\/wp-json\/wp\/v2\/media\/3654"}],"wp:attachment":[{"href":"https:\/\/www.montedocasarao.com\/de\/wp-json\/wp\/v2\/media?parent=385"}],"curies":[{"name":"wp","href":"https:\/\/api.w.org\/{rel}","templated":true}]}}