{"id":397,"date":"2015-01-08T14:38:12","date_gmt":"2015-01-08T13:38:12","guid":{"rendered":"https:\/\/www.montedocasarao.com\/zon-strand-2\/"},"modified":"2020-12-11T12:59:45","modified_gmt":"2020-12-11T12:59:45","slug":"stranden-alentejo","status":"publish","type":"page","link":"https:\/\/www.montedocasarao.com\/de\/monte-do-casarao\/stranden-alentejo\/","title":{"rendered":"Str\u00e4nde Alentejo"},"content":{"rendered":"<div class=\"wpb-content-wrapper\">[vc_row fullwidth=&#8220;true&#8220; fullwidth_content=&#8220;false&#8220; el_class=&#8220;background-monte-row-home showcase-image&#8220; css=&#8220;.vc_custom_1519055807128{margin-top: 0px !important;margin-right: 0px !important;margin-bottom: 0px !important;margin-left: 0px !important;padding-top: 0px !important;padding-right: 0px !important;padding-bottom: 0px !important;padding-left: 0px !important;}&#8220;][vc_column css=&#8220;.vc_custom_1519055822648{margin-top: 0px !important;margin-right: 0px !important;margin-bottom: 0px !important;margin-left: 0px !important;padding-top: 0px !important;padding-right: 0px !important;padding-bottom: 0px !important;padding-left: 0px !important;}&#8220;][vc_single_image image=&#8220;3805&#8243; img_size=&#8220;1200&#215;315&#8243; alignment=&#8220;center&#8220;][\/vc_column][\/vc_row][vc_row][vc_column width=&#8220;1\/6&#8243;][\/vc_column][vc_column width=&#8220;2\/3&#8243;][vc_column_text css=&#8220;.vc_custom_1607691576882{margin-bottom: 0px !important;}&#8220;]\n<h1 style=\"text-align: center;\">Str\u00e4nde Alentejo<\/h1>\n<p>An der Alentejanischen K\u00fcste gibt es unz\u00e4hlige Str\u00e4nde verschiedenster Art und Gr\u00f6\u00dfe. Es gibt lange Sandstr\u00e4nde und kleine Felsenbuchten einige von diesen sind schwierig zu finden. Dort hat man das Gef\u00fchl am Ende der Welt zu sein. Andere Str\u00e4nde sind bei D\u00f6rfern gelegen. Die Str\u00e4nde sind im Vergleich zu denen an der Algarve ruhig. Nur im Juli und August ,wenn die meisten Portugiesen Urlaub haben sind sie etwas frequentierter. Der Atlantik ist nicht sehr warm und das Meer kann sehr bewegt sein.<\/p>\n<p>Fast die gesamte K\u00fcste ist bei Surfern beliebt.<\/p>\n<p><strong>Carvalhal <\/strong>( unser Lieblingsstrand ) ist eine kleine von Felsen umgebene Sandbucht mit einem\u00a0 Bach der dort ins Meer m\u00fcndet. Das Meer ist hier auf Grund seiner gesch\u00fctzten Lage relativ ruhig. Es gibt\u00a0 nur einen gro\u00dfen Parkplatz und im Hochsommer einen Rettungsschwimmer. Sonstige Einrichtungen sind nicht vorhanden. Calvalhal ist ungef\u00e4hr eine halbe Stunde vom Monte do Casar\u00e3o entfernt. Man kann dorthin z. B. von Zambujeira am Meer entlang einen Feldweg fahren.<\/p>\n<p>Der Strand von <strong>Zambujeira do Mar <\/strong>\u00a0ist \u00fcber eine gute Teerstra\u00dfe zu erreichen. Es gibt eine Strandpromenade und verschiedene Str\u00e4nde \u2013 zwei gleich im Ort , die anderen etwas au\u00dferhalb. Zambujeira do Mar ein netter Ort mit Gesch\u00e4ften, Cafes und Restaurants ist bekannt wegen des \u201eFestival de Musica Sudoeste\u201c das jedes Jahr Anfang August stattfindet.<\/p>\n<p><strong>Vila Nova de Milfontes<\/strong> ist ein kleiner anziehender Ferienort. Er bietet sowohl Str\u00e4nde am Meer wie auch an der M\u00fcndung des Mira-Flu\u00dfes. Die Str\u00e4nde am Mira sind f\u00fcr Kinder besser geeignet, da das Wasser w\u00e4rmer ist und es kaum Wellen gibt.<\/p>\n<p><strong>Malh\u00e3o<\/strong> ist ein breiter Sandstrand umgeben von wundersch\u00f6nen D\u00fcnen. Man kann in der Ferne Sines sehen.\u00a0 Ein Strandspaziergang nach Sines f\u00fchrt an Porto Covo, einem alten Fischerdorf ( mit\u00a0 holl\u00e4ndischer Pizzeria) vorbei.<\/p>\n<p>Es gibt noch viele andere bekannte Str\u00e4nde wie<strong> Cavaleiro <\/strong>und <strong>Almograve <\/strong>oder auch unbekannte zu entdecken. Wir haben f\u00fcr Sie eine Karte mit allen Str\u00e4nden der Region.[\/vc_column_text][\/vc_column][vc_column width=&#8220;1\/6&#8243;][\/vc_column][\/vc_row][vc_row][vc_column css=&#8220;.vc_custom_1519257629641{padding-top: 2% !important;padding-bottom: 3% !important;}&#8220; offset=&#8220;vc_hidden-xs&#8220;][vc_masonry_media_grid element_width=&#8220;2&#8243; filter_size=&#8220;md&#8220; include=&#8220;3684,3760,3688,3756,3692,3708,3716,3752,3768,3788,3792,3780,3776,3837,3821,3825,3833,3801&#8243; grid_id=&#8220;vc_gid:1607691538980-212fcfa6-e86f-10&#8243;][\/vc_column][\/vc_row][vc_row][vc_column css=&#8220;.vc_custom_1519124878614{padding-top: 2% !important;padding-bottom: 3% !important;}&#8220; offset=&#8220;vc_hidden-lg vc_hidden-md vc_hidden-sm&#8220;][vc_images_carousel images=&#8220;3684,3760,3688,3756,3692,3708,3716,3752,3768,3788,3792,3780,3776,3837,3821,3825,3833,3801&#8243; img_size=&#8220;full&#8220; onclick=&#8220;link_no&#8220;][\/vc_column][\/vc_row][vc_row fullwidth=&#8220;true&#8220; fullwidth_content=&#8220;false&#8220; el_class=&#8220;background&#8220; css=&#8220;.vc_custom_1519085074946{padding-top: 0px !important;padding-bottom: 0px !important;}&#8220;][vc_column css=&#8220;.vc_custom_1519085062491{padding-top: 0px !important;padding-bottom: 0px !important;}&#8220;][vc_row_inner el_class=&#8220;midden row-background-1200&#8243; css=&#8220;.vc_custom_1519085098693{padding-top: 0px !important;padding-bottom: 0px !important;}&#8220;][vc_column_inner el_class=&#8220;green-red-section-kolomn-1&#8243; width=&#8220;1\/4&#8243;][vc_empty_space height=&#8220;40px&#8220;][vc_widget_sidebar sidebar_id=&#8220;sidebar-3&#8243;][vc_empty_space height=&#8220;40px&#8220;][\/vc_column_inner][vc_column_inner el_class=&#8220;blok23_schilderweek green-red-section-kolomn-2&#8243; width=&#8220;1\/4&#8243;][vc_empty_space height=&#8220;40px&#8220;][vc_widget_sidebar sidebar_id=&#8220;sidebar-5&#8243;][vc_empty_space height=&#8220;40px&#8220;][\/vc_column_inner][vc_column_inner el_class=&#8220;blok4_nieuwsbrief green-red-section-kolomn-3&#8243; width=&#8220;1\/2&#8243;][vc_empty_space height=&#8220;40px&#8220;][vc_widget_sidebar sidebar_id=&#8220;sidebar-4&#8243;][vc_empty_space height=&#8220;40px&#8220;][\/vc_column_inner][\/vc_row_inner][\/vc_column][\/vc_row][vc_row css=&#8220;.vc_custom_1518140259470{padding-top: 50px !important;padding-bottom: 50px !important;}&#8220;][vc_column][vc_column_text css=&#8220;.vc_custom_1518167160903{margin-bottom: 0px !important;}&#8220;]\n<h2 style=\"text-align: center;\">LEES HIER ONZE BLOGS<\/h2>\n[\/vc_column_text][mk_blog_teaser orderby=&#8220;rand&#8220;][\/vc_column][\/vc_row]\n<\/div>","protected":false},"excerpt":{"rendered":"<p>[vc_row fullwidth=&#8220;true&#8220; fullwidth_content=&#8220;false&#8220; el_class=&#8220;background-monte-row-home showcase-image&#8220; css=&#8220;.vc_custom_1519055807128{margin-top: 0px !important;margin-right: 0px !important;margin-bottom: 0px !important;margin-left: 0px !important;padding-top: 0px !important;padding-right: 0px !important;padding-bottom: 0px !important;padding-left: 0px !important;}&#8220;][vc_column css=&#8220;.vc_custom_1519055822648{margin-top: 0px !important;margin-right: 0px !important;margin-bottom: 0px !important;margin-left: 0px !important;padding-top: 0px !important;padding-right: 0px !important;padding-bottom: 0px !important;padding-left: 0px !important;}&#8220;][vc_single_image image=&#8220;3805&#8243; img_size=&#8220;1200&#215;315&#8243; alignment=&#8220;center&#8220;][\/vc_column][\/vc_row][vc_row][vc_column width=&#8220;1\/6&#8243;][\/vc_column][vc_column width=&#8220;2\/3&#8243;][vc_column_text css=&#8220;.vc_custom_1607691576882{margin-bottom: 0px !important;}&#8220;] Str\u00e4nde Alentejo An der Alentejanischen K\u00fcste gibt es [&hellip;]<\/p>\n","protected":false},"author":5,"featured_media":3803,"parent":8195,"menu_order":0,"comment_status":"open","ping_status":"open","template":"","meta":{"_monsterinsights_skip_tracking":false,"_monsterinsights_sitenote_active":false,"_monsterinsights_sitenote_note":"","_monsterinsights_sitenote_category":0,"footnotes":""},"class_list":["post-397","page","type-page","status-publish","has-post-thumbnail","hentry"],"yoast_head":"<!-- This site is optimized with the Yoast SEO plugin v27.1.1 - https:\/\/yoast.com\/product\/yoast-seo-wordpress\/ -->\n<title>Stranden Alentejo Portugal- Mooie prive strandjes<\/title>\n<meta name=\"description\" content=\"Stranden Alentejo \u2606 Zambujeira do Mar \u2606 Carvalhal \u2606 Odeceixe \u2606 Longueira Almograve \u2606 Vila Nova de Milfontes \u2606 Furnes \u2606 Algarve \u2606 Arrifana \u2606 Borralheira\" \/>\n<meta name=\"robots\" content=\"index, follow, max-snippet:-1, max-image-preview:large, max-video-preview:-1\" \/>\n<link rel=\"canonical\" href=\"https:\/\/www.montedocasarao.com\/de\/monte-do-casarao\/stranden-alentejo\/\" \/>\n<meta property=\"og:locale\" content=\"de_DE\" \/>\n<meta property=\"og:type\" content=\"article\" \/>\n<meta property=\"og:title\" content=\"Stranden Alentejo Portugal- Mooie prive strandjes\" \/>\n<meta property=\"og:description\" content=\"Stranden Alentejo \u2606 Zambujeira do Mar \u2606 Carvalhal \u2606 Odeceixe \u2606 Longueira Almograve \u2606 Vila Nova de Milfontes \u2606 Furnes \u2606 Algarve \u2606 Arrifana \u2606 Borralheira\" \/>\n<meta property=\"og:url\" content=\"https:\/\/www.montedocasarao.com\/de\/monte-do-casarao\/stranden-alentejo\/\" \/>\n<meta property=\"og:site_name\" content=\"Monte do Casar\u00e3o\" \/>\n<meta property=\"article:publisher\" content=\"https:\/\/www.facebook.com\/MonteDoCasarao\" \/>\n<meta property=\"article:modified_time\" content=\"2020-12-11T12:59:45+00:00\" \/>\n<meta property=\"og:image\" content=\"https:\/\/www.montedocasarao.com\/wp-content\/uploads\/2015\/01\/Vakantie-in-Portugal-MdC-strand-Malhao-5.jpg\" \/>\n\t<meta property=\"og:image:width\" content=\"800\" \/>\n\t<meta property=\"og:image:height\" content=\"600\" \/>\n\t<meta property=\"og:image:type\" content=\"image\/jpeg\" \/>\n<meta name=\"twitter:label1\" content=\"Gesch\u00e4tzte Lesezeit\" \/>\n\t<meta name=\"twitter:data1\" content=\"3\u00a0Minuten\" \/>\n<script type=\"application\/ld+json\" class=\"yoast-schema-graph\">{\"@context\":\"https:\/\/schema.org\",\"@graph\":[{\"@type\":\"WebPage\",\"@id\":\"https:\/\/www.montedocasarao.com\/de\/monte-do-casarao\/stranden-alentejo\/\",\"url\":\"https:\/\/www.montedocasarao.com\/de\/monte-do-casarao\/stranden-alentejo\/\",\"name\":\"Stranden Alentejo Portugal- Mooie prive strandjes\",\"isPartOf\":{\"@id\":\"https:\/\/www.montedocasarao.com\/#website\"},\"primaryImageOfPage\":{\"@id\":\"https:\/\/www.montedocasarao.com\/de\/monte-do-casarao\/stranden-alentejo\/#primaryimage\"},\"image\":{\"@id\":\"https:\/\/www.montedocasarao.com\/de\/monte-do-casarao\/stranden-alentejo\/#primaryimage\"},\"thumbnailUrl\":\"https:\/\/www.montedocasarao.com\/wp-content\/uploads\/2015\/01\/Vakantie-in-Portugal-MdC-strand-Malhao-5.jpg\",\"datePublished\":\"2015-01-08T13:38:12+00:00\",\"dateModified\":\"2020-12-11T12:59:45+00:00\",\"description\":\"Stranden Alentejo \u2606 Zambujeira do Mar \u2606 Carvalhal \u2606 Odeceixe \u2606 Longueira Almograve \u2606 Vila Nova de Milfontes \u2606 Furnes \u2606 Algarve \u2606 Arrifana \u2606 Borralheira\",\"breadcrumb\":{\"@id\":\"https:\/\/www.montedocasarao.com\/de\/monte-do-casarao\/stranden-alentejo\/#breadcrumb\"},\"inLanguage\":\"de\",\"potentialAction\":[{\"@type\":\"ReadAction\",\"target\":[\"https:\/\/www.montedocasarao.com\/de\/monte-do-casarao\/stranden-alentejo\/\"]}]},{\"@type\":\"ImageObject\",\"inLanguage\":\"de\",\"@id\":\"https:\/\/www.montedocasarao.com\/de\/monte-do-casarao\/stranden-alentejo\/#primaryimage\",\"url\":\"https:\/\/www.montedocasarao.com\/wp-content\/uploads\/2015\/01\/Vakantie-in-Portugal-MdC-strand-Malhao-5.jpg\",\"contentUrl\":\"https:\/\/www.montedocasarao.com\/wp-content\/uploads\/2015\/01\/Vakantie-in-Portugal-MdC-strand-Malhao-5.jpg\",\"width\":800,\"height\":600},{\"@type\":\"BreadcrumbList\",\"@id\":\"https:\/\/www.montedocasarao.com\/de\/monte-do-casarao\/stranden-alentejo\/#breadcrumb\",\"itemListElement\":[{\"@type\":\"ListItem\",\"position\":1,\"name\":\"Home\",\"item\":\"https:\/\/www.montedocasarao.com\/de\/\"},{\"@type\":\"ListItem\",\"position\":2,\"name\":\"Umgebung von Monte do Casar\u00e3o\",\"item\":\"https:\/\/www.montedocasarao.com\/de\/monte-do-casarao\/\"},{\"@type\":\"ListItem\",\"position\":3,\"name\":\"Str\u00e4nde Alentejo\"}]},{\"@type\":\"WebSite\",\"@id\":\"https:\/\/www.montedocasarao.com\/#website\",\"url\":\"https:\/\/www.montedocasarao.com\/\",\"name\":\"Monte do Casar\u00e3o\",\"description\":\"\",\"publisher\":{\"@id\":\"https:\/\/www.montedocasarao.com\/#organization\"},\"potentialAction\":[{\"@type\":\"SearchAction\",\"target\":{\"@type\":\"EntryPoint\",\"urlTemplate\":\"https:\/\/www.montedocasarao.com\/?s={search_term_string}\"},\"query-input\":{\"@type\":\"PropertyValueSpecification\",\"valueRequired\":true,\"valueName\":\"search_term_string\"}}],\"inLanguage\":\"de\"},{\"@type\":\"Organization\",\"@id\":\"https:\/\/www.montedocasarao.com\/#organization\",\"name\":\"Monte do Casar\u00e3o\",\"url\":\"https:\/\/www.montedocasarao.com\/\",\"logo\":{\"@type\":\"ImageObject\",\"inLanguage\":\"de\",\"@id\":\"https:\/\/www.montedocasarao.com\/#\/schema\/logo\/image\/\",\"url\":\"https:\/\/www.montedocasarao.com\/wp-content\/uploads\/2018\/02\/logo_monte_small.png\",\"contentUrl\":\"https:\/\/www.montedocasarao.com\/wp-content\/uploads\/2018\/02\/logo_monte_small.png\",\"width\":270,\"height\":76,\"caption\":\"Monte do Casar\u00e3o\"},\"image\":{\"@id\":\"https:\/\/www.montedocasarao.com\/#\/schema\/logo\/image\/\"},\"sameAs\":[\"https:\/\/www.facebook.com\/MonteDoCasarao\"]}]}<\/script>\n<!-- \/ Yoast SEO plugin. -->","yoast_head_json":{"title":"Stranden Alentejo Portugal- Mooie prive strandjes","description":"Stranden Alentejo \u2606 Zambujeira do Mar \u2606 Carvalhal \u2606 Odeceixe \u2606 Longueira Almograve \u2606 Vila Nova de Milfontes \u2606 Furnes \u2606 Algarve \u2606 Arrifana \u2606 Borralheira","robots":{"index":"index","follow":"follow","max-snippet":"max-snippet:-1","max-image-preview":"max-image-preview:large","max-video-preview":"max-video-preview:-1"},"canonical":"https:\/\/www.montedocasarao.com\/de\/monte-do-casarao\/stranden-alentejo\/","og_locale":"de_DE","og_type":"article","og_title":"Stranden Alentejo Portugal- Mooie prive strandjes","og_description":"Stranden Alentejo \u2606 Zambujeira do Mar \u2606 Carvalhal \u2606 Odeceixe \u2606 Longueira Almograve \u2606 Vila Nova de Milfontes \u2606 Furnes \u2606 Algarve \u2606 Arrifana \u2606 Borralheira","og_url":"https:\/\/www.montedocasarao.com\/de\/monte-do-casarao\/stranden-alentejo\/","og_site_name":"Monte do Casar\u00e3o","article_publisher":"https:\/\/www.facebook.com\/MonteDoCasarao","article_modified_time":"2020-12-11T12:59:45+00:00","og_image":[{"width":800,"height":600,"url":"https:\/\/www.montedocasarao.com\/wp-content\/uploads\/2015\/01\/Vakantie-in-Portugal-MdC-strand-Malhao-5.jpg","type":"image\/jpeg"}],"twitter_misc":{"Gesch\u00e4tzte Lesezeit":"3\u00a0Minuten"},"schema":{"@context":"https:\/\/schema.org","@graph":[{"@type":"WebPage","@id":"https:\/\/www.montedocasarao.com\/de\/monte-do-casarao\/stranden-alentejo\/","url":"https:\/\/www.montedocasarao.com\/de\/monte-do-casarao\/stranden-alentejo\/","name":"Stranden Alentejo Portugal- Mooie prive strandjes","isPartOf":{"@id":"https:\/\/www.montedocasarao.com\/#website"},"primaryImageOfPage":{"@id":"https:\/\/www.montedocasarao.com\/de\/monte-do-casarao\/stranden-alentejo\/#primaryimage"},"image":{"@id":"https:\/\/www.montedocasarao.com\/de\/monte-do-casarao\/stranden-alentejo\/#primaryimage"},"thumbnailUrl":"https:\/\/www.montedocasarao.com\/wp-content\/uploads\/2015\/01\/Vakantie-in-Portugal-MdC-strand-Malhao-5.jpg","datePublished":"2015-01-08T13:38:12+00:00","dateModified":"2020-12-11T12:59:45+00:00","description":"Stranden Alentejo \u2606 Zambujeira do Mar \u2606 Carvalhal \u2606 Odeceixe \u2606 Longueira Almograve \u2606 Vila Nova de Milfontes \u2606 Furnes \u2606 Algarve \u2606 Arrifana \u2606 Borralheira","breadcrumb":{"@id":"https:\/\/www.montedocasarao.com\/de\/monte-do-casarao\/stranden-alentejo\/#breadcrumb"},"inLanguage":"de","potentialAction":[{"@type":"ReadAction","target":["https:\/\/www.montedocasarao.com\/de\/monte-do-casarao\/stranden-alentejo\/"]}]},{"@type":"ImageObject","inLanguage":"de","@id":"https:\/\/www.montedocasarao.com\/de\/monte-do-casarao\/stranden-alentejo\/#primaryimage","url":"https:\/\/www.montedocasarao.com\/wp-content\/uploads\/2015\/01\/Vakantie-in-Portugal-MdC-strand-Malhao-5.jpg","contentUrl":"https:\/\/www.montedocasarao.com\/wp-content\/uploads\/2015\/01\/Vakantie-in-Portugal-MdC-strand-Malhao-5.jpg","width":800,"height":600},{"@type":"BreadcrumbList","@id":"https:\/\/www.montedocasarao.com\/de\/monte-do-casarao\/stranden-alentejo\/#breadcrumb","itemListElement":[{"@type":"ListItem","position":1,"name":"Home","item":"https:\/\/www.montedocasarao.com\/de\/"},{"@type":"ListItem","position":2,"name":"Umgebung von Monte do Casar\u00e3o","item":"https:\/\/www.montedocasarao.com\/de\/monte-do-casarao\/"},{"@type":"ListItem","position":3,"name":"Str\u00e4nde Alentejo"}]},{"@type":"WebSite","@id":"https:\/\/www.montedocasarao.com\/#website","url":"https:\/\/www.montedocasarao.com\/","name":"Monte do Casar\u00e3o","description":"","publisher":{"@id":"https:\/\/www.montedocasarao.com\/#organization"},"potentialAction":[{"@type":"SearchAction","target":{"@type":"EntryPoint","urlTemplate":"https:\/\/www.montedocasarao.com\/?s={search_term_string}"},"query-input":{"@type":"PropertyValueSpecification","valueRequired":true,"valueName":"search_term_string"}}],"inLanguage":"de"},{"@type":"Organization","@id":"https:\/\/www.montedocasarao.com\/#organization","name":"Monte do Casar\u00e3o","url":"https:\/\/www.montedocasarao.com\/","logo":{"@type":"ImageObject","inLanguage":"de","@id":"https:\/\/www.montedocasarao.com\/#\/schema\/logo\/image\/","url":"https:\/\/www.montedocasarao.com\/wp-content\/uploads\/2018\/02\/logo_monte_small.png","contentUrl":"https:\/\/www.montedocasarao.com\/wp-content\/uploads\/2018\/02\/logo_monte_small.png","width":270,"height":76,"caption":"Monte do Casar\u00e3o"},"image":{"@id":"https:\/\/www.montedocasarao.com\/#\/schema\/logo\/image\/"},"sameAs":["https:\/\/www.facebook.com\/MonteDoCasarao"]}]}},"_links":{"self":[{"href":"https:\/\/www.montedocasarao.com\/de\/wp-json\/wp\/v2\/pages\/397","targetHints":{"allow":["GET"]}}],"collection":[{"href":"https:\/\/www.montedocasarao.com\/de\/wp-json\/wp\/v2\/pages"}],"about":[{"href":"https:\/\/www.montedocasarao.com\/de\/wp-json\/wp\/v2\/types\/page"}],"author":[{"embeddable":true,"href":"https:\/\/www.montedocasarao.com\/de\/wp-json\/wp\/v2\/users\/5"}],"replies":[{"embeddable":true,"href":"https:\/\/www.montedocasarao.com\/de\/wp-json\/wp\/v2\/comments?post=397"}],"version-history":[{"count":10,"href":"https:\/\/www.montedocasarao.com\/de\/wp-json\/wp\/v2\/pages\/397\/revisions"}],"predecessor-version":[{"id":14821,"href":"https:\/\/www.montedocasarao.com\/de\/wp-json\/wp\/v2\/pages\/397\/revisions\/14821"}],"up":[{"embeddable":true,"href":"https:\/\/www.montedocasarao.com\/de\/wp-json\/wp\/v2\/pages\/8195"}],"wp:featuredmedia":[{"embeddable":true,"href":"https:\/\/www.montedocasarao.com\/de\/wp-json\/wp\/v2\/media\/3803"}],"wp:attachment":[{"href":"https:\/\/www.montedocasarao.com\/de\/wp-json\/wp\/v2\/media?parent=397"}],"curies":[{"name":"wp","href":"https:\/\/api.w.org\/{rel}","templated":true}]}}