{"id":8152,"date":"2015-05-16T16:07:56","date_gmt":"2015-05-16T15:07:56","guid":{"rendered":"https:\/\/www.montedocasarao.com\/de\/gastenboek\/gallerij-casarao\/"},"modified":"2020-06-04T21:22:01","modified_gmt":"2020-06-04T20:22:01","slug":"galerie-casarao","status":"publish","type":"page","link":"https:\/\/www.montedocasarao.com\/de\/guestbook\/galerie-casarao\/","title":{"rendered":"Galerie Casar\u00e3o"},"content":{"rendered":"<div class=\"wpb-content-wrapper\">[vc_row fullwidth=&#8220;true&#8220; fullwidth_content=&#8220;false&#8220; el_class=&#8220;background-monte-row-home showcase-image&#8220; css=&#8220;.vc_custom_1519055807128{margin-top: 0px !important;margin-right: 0px !important;margin-bottom: 0px !important;margin-left: 0px !important;padding-top: 0px !important;padding-right: 0px !important;padding-bottom: 0px !important;padding-left: 0px !important;}&#8220;][vc_column css=&#8220;.vc_custom_1519055822648{margin-top: 0px !important;margin-right: 0px !important;margin-bottom: 0px !important;margin-left: 0px !important;padding-top: 0px !important;padding-right: 0px !important;padding-bottom: 0px !important;padding-left: 0px !important;}&#8220;][vc_single_image image=&#8220;4128&#8243; img_size=&#8220;full&#8220; alignment=&#8220;center&#8220;][\/vc_column][\/vc_row][vc_row css=&#8220;.vc_custom_1431789284102{margin-bottom: 1% !important;}&#8220;][vc_column width=&#8220;1\/6&#8243;][\/vc_column][vc_column width=&#8220;2\/3&#8243; el_class=&#8220;winnaars&#8220;][vc_column_text css=&#8220;.vc_custom_1520092521339{margin-bottom: 0px !important;}&#8220;]\n<h1 style=\"text-align: center;\">Gallery Casar\u00e3o<\/h1>\n[\/vc_column_text][\/vc_column][vc_column width=&#8220;1\/6&#8243;][\/vc_column][\/vc_row][vc_row][vc_column css=&#8220;.vc_custom_1519476699800{padding-top: 2% !important;padding-bottom: 3% !important;}&#8220; offset=&#8220;vc_hidden-xs&#8220;][vc_masonry_media_grid element_width=&#8220;2&#8243; filter_size=&#8220;md&#8220; include=&#8220;3161,3153,6681,6637,6677,6669,3157,7169,7182,7186,3149,7190,7194,7198,7202,3173,7206,7210,7214,7218,7222,7226,7230,7234&#8243; grid_id=&#8220;vc_gid:1520092414101-caf544eb-d4e6-10&#8243;][\/vc_column][\/vc_row][vc_row][vc_column css=&#8220;.vc_custom_1519124878614{padding-top: 2% !important;padding-bottom: 3% !important;}&#8220; offset=&#8220;vc_hidden-lg vc_hidden-md vc_hidden-sm&#8220;][vc_images_carousel images=&#8220;3161,3153,6681,6637,6677,6669,3157,7169,7182,7186,3149,7190,7194,7198,7202,3173,7206,7210,7214,7218,7222,7226,7230,7234&#8243; img_size=&#8220;full&#8220; onclick=&#8220;link_no&#8220;][\/vc_column][\/vc_row][vc_row fullwidth=&#8220;true&#8220; fullwidth_content=&#8220;false&#8220; el_class=&#8220;background&#8220; css=&#8220;.vc_custom_1519085074946{padding-top: 0px !important;padding-bottom: 0px !important;}&#8220;][vc_column css=&#8220;.vc_custom_1519085062491{padding-top: 0px !important;padding-bottom: 0px !important;}&#8220;][vc_row_inner el_class=&#8220;midden row-background-1200&#8243; css=&#8220;.vc_custom_1519085098693{padding-top: 0px !important;padding-bottom: 0px !important;}&#8220;][vc_column_inner el_class=&#8220;green-red-section-kolomn-1&#8243; width=&#8220;1\/4&#8243;][vc_empty_space height=&#8220;40px&#8220;][vc_widget_sidebar sidebar_id=&#8220;sidebar-3&#8243;][vc_empty_space height=&#8220;40px&#8220;][\/vc_column_inner][vc_column_inner el_class=&#8220;blok23_schilderweek green-red-section-kolomn-2&#8243; width=&#8220;1\/4&#8243;][vc_empty_space height=&#8220;40px&#8220;][vc_widget_sidebar sidebar_id=&#8220;sidebar-5&#8243;][vc_empty_space height=&#8220;40px&#8220;][\/vc_column_inner][vc_column_inner el_class=&#8220;blok4_nieuwsbrief green-red-section-kolomn-3&#8243; width=&#8220;1\/2&#8243;][vc_empty_space height=&#8220;40px&#8220;][vc_widget_sidebar sidebar_id=&#8220;sidebar-4&#8243;][vc_empty_space height=&#8220;40px&#8220;][\/vc_column_inner][\/vc_row_inner][\/vc_column][\/vc_row][vc_row css=&#8220;.vc_custom_1518140259470{padding-top: 50px !important;padding-bottom: 50px !important;}&#8220;][vc_column][vc_column_text css=&#8220;.vc_custom_1518167160903{margin-bottom: 0px !important;}&#8220;]\n<h2 style=\"text-align: center;\">LEES HIER ONZE BLOGS<\/h2>\n[\/vc_column_text][mk_blog_teaser orderby=&#8220;rand&#8220;][\/vc_column][\/vc_row]\n<\/div>","protected":false},"excerpt":{"rendered":"<p>[vc_row fullwidth=&#8220;true&#8220; fullwidth_content=&#8220;false&#8220; el_class=&#8220;background-monte-row-home showcase-image&#8220; css=&#8220;.vc_custom_1519055807128{margin-top: 0px !important;margin-right: 0px !important;margin-bottom: 0px !important;margin-left: 0px !important;padding-top: 0px !important;padding-right: 0px !important;padding-bottom: 0px !important;padding-left: 0px !important;}&#8220;][vc_column css=&#8220;.vc_custom_1519055822648{margin-top: 0px !important;margin-right: 0px !important;margin-bottom: 0px !important;margin-left: 0px !important;padding-top: 0px !important;padding-right: 0px !important;padding-bottom: 0px !important;padding-left: 0px !important;}&#8220;][vc_single_image image=&#8220;4128&#8243; img_size=&#8220;full&#8220; alignment=&#8220;center&#8220;][\/vc_column][\/vc_row][vc_row css=&#8220;.vc_custom_1431789284102{margin-bottom: 1% !important;}&#8220;][vc_column width=&#8220;1\/6&#8243;][\/vc_column][vc_column width=&#8220;2\/3&#8243; el_class=&#8220;winnaars&#8220;][vc_column_text css=&#8220;.vc_custom_1520092521339{margin-bottom: 0px !important;}&#8220;] Gallery Casar\u00e3o [\/vc_column_text][\/vc_column][vc_column width=&#8220;1\/6&#8243;][\/vc_column][\/vc_row][vc_row][vc_column [&hellip;]<\/p>\n","protected":false},"author":5,"featured_media":4122,"parent":8149,"menu_order":0,"comment_status":"open","ping_status":"open","template":"","meta":{"_monsterinsights_skip_tracking":false,"_monsterinsights_sitenote_active":false,"_monsterinsights_sitenote_note":"","_monsterinsights_sitenote_category":0,"footnotes":""},"class_list":["post-8152","page","type-page","status-publish","has-post-thumbnail","hentry"],"yoast_head":"<!-- This site is optimized with the Yoast SEO plugin v27.1.1 - https:\/\/yoast.com\/product\/yoast-seo-wordpress\/ -->\n<title>Galerie Casar\u00e3o, uitgelezen collectie van wat cursisten tijdens de schilderweken op Monte do Casar\u00e3o maken<\/title>\n<meta name=\"description\" content=\"Galerie Casar\u00e3o, schilderijen gemaakt door de cursisten tijdens de schildervakanties in Portugal, in alle technieken. Een overzicht.\" \/>\n<meta name=\"robots\" content=\"index, follow, max-snippet:-1, max-image-preview:large, max-video-preview:-1\" \/>\n<link rel=\"canonical\" href=\"https:\/\/www.montedocasarao.com\/de\/guestbook\/galerie-casarao\/\" \/>\n<meta property=\"og:locale\" content=\"de_DE\" \/>\n<meta property=\"og:type\" content=\"article\" \/>\n<meta property=\"og:title\" content=\"Galerie Casar\u00e3o, uitgelezen collectie van wat cursisten tijdens de schilderweken op Monte do Casar\u00e3o maken\" \/>\n<meta property=\"og:description\" content=\"Galerie Casar\u00e3o, schilderijen gemaakt door de cursisten tijdens de schildervakanties in Portugal, in alle technieken. Een overzicht.\" \/>\n<meta property=\"og:url\" content=\"https:\/\/www.montedocasarao.com\/de\/guestbook\/galerie-casarao\/\" \/>\n<meta property=\"og:site_name\" content=\"Monte do Casar\u00e3o\" \/>\n<meta property=\"article:publisher\" content=\"https:\/\/www.facebook.com\/MonteDoCasarao\" \/>\n<meta property=\"article:modified_time\" content=\"2020-06-04T20:22:01+00:00\" \/>\n<meta property=\"og:image\" content=\"https:\/\/www.montedocasarao.com\/wp-content\/uploads\/2015\/01\/f-IMG_7715.jpg\" \/>\n\t<meta property=\"og:image:width\" content=\"800\" \/>\n\t<meta property=\"og:image:height\" content=\"600\" \/>\n\t<meta property=\"og:image:type\" content=\"image\/jpeg\" \/>\n<meta name=\"twitter:label1\" content=\"Gesch\u00e4tzte Lesezeit\" \/>\n\t<meta name=\"twitter:data1\" content=\"2\u00a0Minuten\" \/>\n<script type=\"application\/ld+json\" class=\"yoast-schema-graph\">{\"@context\":\"https:\/\/schema.org\",\"@graph\":[{\"@type\":\"WebPage\",\"@id\":\"https:\/\/www.montedocasarao.com\/de\/guestbook\/galerie-casarao\/\",\"url\":\"https:\/\/www.montedocasarao.com\/de\/guestbook\/galerie-casarao\/\",\"name\":\"Galerie Casar\u00e3o, uitgelezen collectie van wat cursisten tijdens de schilderweken op Monte do Casar\u00e3o maken\",\"isPartOf\":{\"@id\":\"https:\/\/www.montedocasarao.com\/#website\"},\"primaryImageOfPage\":{\"@id\":\"https:\/\/www.montedocasarao.com\/de\/guestbook\/galerie-casarao\/#primaryimage\"},\"image\":{\"@id\":\"https:\/\/www.montedocasarao.com\/de\/guestbook\/galerie-casarao\/#primaryimage\"},\"thumbnailUrl\":\"https:\/\/www.montedocasarao.com\/wp-content\/uploads\/2015\/01\/f-IMG_7715.jpg\",\"datePublished\":\"2015-05-16T15:07:56+00:00\",\"dateModified\":\"2020-06-04T20:22:01+00:00\",\"description\":\"Galerie Casar\u00e3o, schilderijen gemaakt door de cursisten tijdens de schildervakanties in Portugal, in alle technieken. Een overzicht.\",\"breadcrumb\":{\"@id\":\"https:\/\/www.montedocasarao.com\/de\/guestbook\/galerie-casarao\/#breadcrumb\"},\"inLanguage\":\"de\",\"potentialAction\":[{\"@type\":\"ReadAction\",\"target\":[\"https:\/\/www.montedocasarao.com\/de\/guestbook\/galerie-casarao\/\"]}]},{\"@type\":\"ImageObject\",\"inLanguage\":\"de\",\"@id\":\"https:\/\/www.montedocasarao.com\/de\/guestbook\/galerie-casarao\/#primaryimage\",\"url\":\"https:\/\/www.montedocasarao.com\/wp-content\/uploads\/2015\/01\/f-IMG_7715.jpg\",\"contentUrl\":\"https:\/\/www.montedocasarao.com\/wp-content\/uploads\/2015\/01\/f-IMG_7715.jpg\",\"width\":800,\"height\":600},{\"@type\":\"BreadcrumbList\",\"@id\":\"https:\/\/www.montedocasarao.com\/de\/guestbook\/galerie-casarao\/#breadcrumb\",\"itemListElement\":[{\"@type\":\"ListItem\",\"position\":1,\"name\":\"Home\",\"item\":\"https:\/\/www.montedocasarao.com\/de\/\"},{\"@type\":\"ListItem\",\"position\":2,\"name\":\"G\u00e4stebuch\",\"item\":\"https:\/\/www.montedocasarao.com\/de\/guestbook\/\"},{\"@type\":\"ListItem\",\"position\":3,\"name\":\"Galerie Casar\u00e3o\"}]},{\"@type\":\"WebSite\",\"@id\":\"https:\/\/www.montedocasarao.com\/#website\",\"url\":\"https:\/\/www.montedocasarao.com\/\",\"name\":\"Monte do Casar\u00e3o\",\"description\":\"\",\"publisher\":{\"@id\":\"https:\/\/www.montedocasarao.com\/#organization\"},\"potentialAction\":[{\"@type\":\"SearchAction\",\"target\":{\"@type\":\"EntryPoint\",\"urlTemplate\":\"https:\/\/www.montedocasarao.com\/?s={search_term_string}\"},\"query-input\":{\"@type\":\"PropertyValueSpecification\",\"valueRequired\":true,\"valueName\":\"search_term_string\"}}],\"inLanguage\":\"de\"},{\"@type\":\"Organization\",\"@id\":\"https:\/\/www.montedocasarao.com\/#organization\",\"name\":\"Monte do Casar\u00e3o\",\"url\":\"https:\/\/www.montedocasarao.com\/\",\"logo\":{\"@type\":\"ImageObject\",\"inLanguage\":\"de\",\"@id\":\"https:\/\/www.montedocasarao.com\/#\/schema\/logo\/image\/\",\"url\":\"https:\/\/www.montedocasarao.com\/wp-content\/uploads\/2018\/02\/logo_monte_small.png\",\"contentUrl\":\"https:\/\/www.montedocasarao.com\/wp-content\/uploads\/2018\/02\/logo_monte_small.png\",\"width\":270,\"height\":76,\"caption\":\"Monte do Casar\u00e3o\"},\"image\":{\"@id\":\"https:\/\/www.montedocasarao.com\/#\/schema\/logo\/image\/\"},\"sameAs\":[\"https:\/\/www.facebook.com\/MonteDoCasarao\"]}]}<\/script>\n<!-- \/ Yoast SEO plugin. -->","yoast_head_json":{"title":"Galerie Casar\u00e3o, uitgelezen collectie van wat cursisten tijdens de schilderweken op Monte do Casar\u00e3o maken","description":"Galerie Casar\u00e3o, schilderijen gemaakt door de cursisten tijdens de schildervakanties in Portugal, in alle technieken. Een overzicht.","robots":{"index":"index","follow":"follow","max-snippet":"max-snippet:-1","max-image-preview":"max-image-preview:large","max-video-preview":"max-video-preview:-1"},"canonical":"https:\/\/www.montedocasarao.com\/de\/guestbook\/galerie-casarao\/","og_locale":"de_DE","og_type":"article","og_title":"Galerie Casar\u00e3o, uitgelezen collectie van wat cursisten tijdens de schilderweken op Monte do Casar\u00e3o maken","og_description":"Galerie Casar\u00e3o, schilderijen gemaakt door de cursisten tijdens de schildervakanties in Portugal, in alle technieken. Een overzicht.","og_url":"https:\/\/www.montedocasarao.com\/de\/guestbook\/galerie-casarao\/","og_site_name":"Monte do Casar\u00e3o","article_publisher":"https:\/\/www.facebook.com\/MonteDoCasarao","article_modified_time":"2020-06-04T20:22:01+00:00","og_image":[{"width":800,"height":600,"url":"https:\/\/www.montedocasarao.com\/wp-content\/uploads\/2015\/01\/f-IMG_7715.jpg","type":"image\/jpeg"}],"twitter_misc":{"Gesch\u00e4tzte Lesezeit":"2\u00a0Minuten"},"schema":{"@context":"https:\/\/schema.org","@graph":[{"@type":"WebPage","@id":"https:\/\/www.montedocasarao.com\/de\/guestbook\/galerie-casarao\/","url":"https:\/\/www.montedocasarao.com\/de\/guestbook\/galerie-casarao\/","name":"Galerie Casar\u00e3o, uitgelezen collectie van wat cursisten tijdens de schilderweken op Monte do Casar\u00e3o maken","isPartOf":{"@id":"https:\/\/www.montedocasarao.com\/#website"},"primaryImageOfPage":{"@id":"https:\/\/www.montedocasarao.com\/de\/guestbook\/galerie-casarao\/#primaryimage"},"image":{"@id":"https:\/\/www.montedocasarao.com\/de\/guestbook\/galerie-casarao\/#primaryimage"},"thumbnailUrl":"https:\/\/www.montedocasarao.com\/wp-content\/uploads\/2015\/01\/f-IMG_7715.jpg","datePublished":"2015-05-16T15:07:56+00:00","dateModified":"2020-06-04T20:22:01+00:00","description":"Galerie Casar\u00e3o, schilderijen gemaakt door de cursisten tijdens de schildervakanties in Portugal, in alle technieken. Een overzicht.","breadcrumb":{"@id":"https:\/\/www.montedocasarao.com\/de\/guestbook\/galerie-casarao\/#breadcrumb"},"inLanguage":"de","potentialAction":[{"@type":"ReadAction","target":["https:\/\/www.montedocasarao.com\/de\/guestbook\/galerie-casarao\/"]}]},{"@type":"ImageObject","inLanguage":"de","@id":"https:\/\/www.montedocasarao.com\/de\/guestbook\/galerie-casarao\/#primaryimage","url":"https:\/\/www.montedocasarao.com\/wp-content\/uploads\/2015\/01\/f-IMG_7715.jpg","contentUrl":"https:\/\/www.montedocasarao.com\/wp-content\/uploads\/2015\/01\/f-IMG_7715.jpg","width":800,"height":600},{"@type":"BreadcrumbList","@id":"https:\/\/www.montedocasarao.com\/de\/guestbook\/galerie-casarao\/#breadcrumb","itemListElement":[{"@type":"ListItem","position":1,"name":"Home","item":"https:\/\/www.montedocasarao.com\/de\/"},{"@type":"ListItem","position":2,"name":"G\u00e4stebuch","item":"https:\/\/www.montedocasarao.com\/de\/guestbook\/"},{"@type":"ListItem","position":3,"name":"Galerie Casar\u00e3o"}]},{"@type":"WebSite","@id":"https:\/\/www.montedocasarao.com\/#website","url":"https:\/\/www.montedocasarao.com\/","name":"Monte do Casar\u00e3o","description":"","publisher":{"@id":"https:\/\/www.montedocasarao.com\/#organization"},"potentialAction":[{"@type":"SearchAction","target":{"@type":"EntryPoint","urlTemplate":"https:\/\/www.montedocasarao.com\/?s={search_term_string}"},"query-input":{"@type":"PropertyValueSpecification","valueRequired":true,"valueName":"search_term_string"}}],"inLanguage":"de"},{"@type":"Organization","@id":"https:\/\/www.montedocasarao.com\/#organization","name":"Monte do Casar\u00e3o","url":"https:\/\/www.montedocasarao.com\/","logo":{"@type":"ImageObject","inLanguage":"de","@id":"https:\/\/www.montedocasarao.com\/#\/schema\/logo\/image\/","url":"https:\/\/www.montedocasarao.com\/wp-content\/uploads\/2018\/02\/logo_monte_small.png","contentUrl":"https:\/\/www.montedocasarao.com\/wp-content\/uploads\/2018\/02\/logo_monte_small.png","width":270,"height":76,"caption":"Monte do Casar\u00e3o"},"image":{"@id":"https:\/\/www.montedocasarao.com\/#\/schema\/logo\/image\/"},"sameAs":["https:\/\/www.facebook.com\/MonteDoCasarao"]}]}},"_links":{"self":[{"href":"https:\/\/www.montedocasarao.com\/de\/wp-json\/wp\/v2\/pages\/8152","targetHints":{"allow":["GET"]}}],"collection":[{"href":"https:\/\/www.montedocasarao.com\/de\/wp-json\/wp\/v2\/pages"}],"about":[{"href":"https:\/\/www.montedocasarao.com\/de\/wp-json\/wp\/v2\/types\/page"}],"author":[{"embeddable":true,"href":"https:\/\/www.montedocasarao.com\/de\/wp-json\/wp\/v2\/users\/5"}],"replies":[{"embeddable":true,"href":"https:\/\/www.montedocasarao.com\/de\/wp-json\/wp\/v2\/comments?post=8152"}],"version-history":[{"count":14,"href":"https:\/\/www.montedocasarao.com\/de\/wp-json\/wp\/v2\/pages\/8152\/revisions"}],"predecessor-version":[{"id":14588,"href":"https:\/\/www.montedocasarao.com\/de\/wp-json\/wp\/v2\/pages\/8152\/revisions\/14588"}],"up":[{"embeddable":true,"href":"https:\/\/www.montedocasarao.com\/de\/wp-json\/wp\/v2\/pages\/8149"}],"wp:featuredmedia":[{"embeddable":true,"href":"https:\/\/www.montedocasarao.com\/de\/wp-json\/wp\/v2\/media\/4122"}],"wp:attachment":[{"href":"https:\/\/www.montedocasarao.com\/de\/wp-json\/wp\/v2\/media?parent=8152"}],"curies":[{"name":"wp","href":"https:\/\/api.w.org\/{rel}","templated":true}]}}