{"id":8195,"date":"2015-03-15T14:29:02","date_gmt":"2015-03-15T13:29:02","guid":{"rendered":"https:\/\/www.montedocasarao.com\/de\/monte-do-casarao\/"},"modified":"2020-12-11T14:07:13","modified_gmt":"2020-12-11T14:07:13","slug":"monte-do-casarao","status":"publish","type":"page","link":"https:\/\/www.montedocasarao.com\/de\/monte-do-casarao\/","title":{"rendered":"Umgebung von Monte do Casar\u00e3o"},"content":{"rendered":"<div class=\"wpb-content-wrapper\">[vc_row fullwidth=&#8220;true&#8220; fullwidth_content=&#8220;false&#8220; el_class=&#8220;background-monte-row-home showcase-image&#8220; css=&#8220;.vc_custom_1519055807128{margin-top: 0px !important;margin-right: 0px !important;margin-bottom: 0px !important;margin-left: 0px !important;padding-top: 0px !important;padding-right: 0px !important;padding-bottom: 0px !important;padding-left: 0px !important;}&#8220;][vc_column css=&#8220;.vc_custom_1519055822648{margin-top: 0px !important;margin-right: 0px !important;margin-bottom: 0px !important;margin-left: 0px !important;padding-top: 0px !important;padding-right: 0px !important;padding-bottom: 0px !important;padding-left: 0px !important;}&#8220;][vc_single_image image=&#8220;4600&#8243; img_size=&#8220;full&#8220; alignment=&#8220;center&#8220;][\/vc_column][\/vc_row][vc_row][vc_column width=&#8220;1\/6&#8243;][\/vc_column][vc_column width=&#8220;2\/3&#8243;][vc_column_text css=&#8220;.vc_custom_1607695625820{margin-bottom: 0px !important;}&#8220;]\n<h1 style=\"text-align: center;\">Die Umgebung von Monte do Casar\u00e3o<\/h1>\n<p>&nbsp;<\/p>\n<p>Den Tag faulenzen, lesen, im zentralen Pool schwimmen, spazieren gehen: das ist eigentlich alles, was Sie tun &#8218;m\u00fcssen&#8216;. Sie m\u00fcssen nicht einmal einkaufen oder kochen, denn Sie k\u00f6nnen den &#8218;dono da casa&#8216; mieten, um dies f\u00fcr Sie zu tun.<\/p>\n<p>Monte do Casar\u00e3o ist gleichbedeutend mit Genie\u00dfen. Genie\u00dfen Sie die Freundlichkeit und Gastfreundschaft der Besitzer, das sch\u00f6ne Wetter, die Natur und die Stille. Genie\u00dfen, in der Mitte von Nirgendwo zu sein. Genie\u00dfen Sie die absolute Privatsph\u00e4re auf einem eigenen H\u00fcgel.<\/p>\n<p>Aber wenn Sie sich entscheiden, Ihren H\u00fcgel f\u00fcr eine Weile zu verlassen, gibt es rundherum viel zu tun. Sie k\u00f6nnen lange Wanderungen in der unber\u00fchrten Landschaft unternehmen oder eine Runde mit dem Mountainbike machen.<\/p>\n<p>Ebenso k\u00f6nnen Sie<\/p>\n<ul>\n<li>in der angenehmen Atmosph\u00e4re von S\u00e3o Teot\u00f3nio einkaufen gehen<\/li>\n<li>in dem eher touristischen Dorf Zambujeira zu Mittag essen<\/li>\n<li>die Gesch\u00e4fte in Odemira, der regionalen Hauptstadt, erkunden<\/li>\n<li>in Vila Nova de Milfontes angeln gehen<\/li>\n<li>ein Sonnenbad nehmen am Praia Carvalhal, einem der unber\u00fchrten Sandstr\u00e4nde, den Sie fast f\u00fcr sich allein haben werden<\/li>\n<li>im Stausee Santa Clara baden gehen<\/li>\n<li>surfen in Aljezur, einem der vielen Surfspots<\/li>\n<li>spazieren am Sandstrand von Praia do Malh\u00e3o<\/li>\n<li>die Algarve besuchen mit ihren atemberaubenden Golfpl\u00e4tzen, ihren riesigen Badeparadiesen, Einkaufszentren, Diskotheken und McDonald&#8217;s<\/li>\n<li>segeln in Portim\u00e3o<\/li>\n<li>in die Richtung der spanischen Grenze fahren: nach \u00c9vora und Marv\u00e3o, wo Sie maurische Einfl\u00fcsse beobachten k\u00f6nnen<\/li>\n<li>in den Monchique-Bergen herum fahren<\/li>\n<li>Lissabon besuchen.<\/li>\n<\/ul>\n<p>Sie werden nie genug Zeit haben, um alle Dinge zu tun, die Sie wollen.[\/vc_column_text][vc_empty_space][\/vc_column][vc_column width=&#8220;1\/6&#8243;][\/vc_column][\/vc_row][vc_row][vc_column css=&#8220;.vc_custom_1519394199423{padding-top: 2% !important;padding-bottom: 3% !important;}&#8220; offset=&#8220;vc_hidden-xs&#8220;][vc_masonry_media_grid element_width=&#8220;2&#8243; grid_id=&#8220;vc_gid:1607695383071-32cf0894-061c-1&#8243; include=&#8220;5350,6073,4742,7537,7533,3353,4233,6694,7514,6690,6686,6698&#8243;][\/vc_column][\/vc_row][vc_row][vc_column css=&#8220;.vc_custom_1519124878614{padding-top: 2% !important;padding-bottom: 3% !important;}&#8220; offset=&#8220;vc_hidden-lg vc_hidden-md vc_hidden-sm&#8220;][vc_images_carousel images=&#8220;5350,6073,4742,7537,7533,3353,4233,6694,7514,6690,6686,6698&#8243; img_size=&#8220;full&#8220; onclick=&#8220;link_no&#8220;][\/vc_column][\/vc_row][vc_row fullwidth=&#8220;true&#8220; fullwidth_content=&#8220;false&#8220; el_class=&#8220;background&#8220; css=&#8220;.vc_custom_1519085074946{padding-top: 0px !important;padding-bottom: 0px !important;}&#8220;][vc_column css=&#8220;.vc_custom_1519085062491{padding-top: 0px !important;padding-bottom: 0px !important;}&#8220;][vc_row_inner el_class=&#8220;midden row-background-1200&#8243; css=&#8220;.vc_custom_1519085098693{padding-top: 0px !important;padding-bottom: 0px !important;}&#8220;][vc_column_inner el_class=&#8220;green-red-section-kolomn-1&#8243; width=&#8220;1\/4&#8243;][vc_empty_space height=&#8220;40px&#8220;][vc_widget_sidebar sidebar_id=&#8220;sidebar-3&#8243;][vc_empty_space height=&#8220;40px&#8220;][\/vc_column_inner][vc_column_inner el_class=&#8220;blok23_schilderweek green-red-section-kolomn-2&#8243; width=&#8220;1\/4&#8243;][vc_empty_space height=&#8220;40px&#8220;][vc_widget_sidebar sidebar_id=&#8220;sidebar-5&#8243;][vc_empty_space height=&#8220;40px&#8220;][\/vc_column_inner][vc_column_inner el_class=&#8220;blok4_nieuwsbrief green-red-section-kolomn-3&#8243; width=&#8220;1\/2&#8243;][vc_empty_space height=&#8220;40px&#8220;][vc_widget_sidebar sidebar_id=&#8220;sidebar-4&#8243;][vc_empty_space height=&#8220;40px&#8220;][\/vc_column_inner][\/vc_row_inner][\/vc_column][\/vc_row][vc_row css=&#8220;.vc_custom_1518140259470{padding-top: 50px !important;padding-bottom: 50px !important;}&#8220;][vc_column][vc_column_text css=&#8220;.vc_custom_1520080180935{margin-bottom: 0px !important;}&#8220;]\n<h2 style=\"text-align: center;\">READ OUR LATEST BLOGS<\/h2>\n[\/vc_column_text][mk_blog_teaser orderby=&#8220;rand&#8220;][\/vc_column][\/vc_row]\n<\/div>","protected":false},"excerpt":{"rendered":"<p>[vc_row fullwidth=&#8220;true&#8220; fullwidth_content=&#8220;false&#8220; el_class=&#8220;background-monte-row-home showcase-image&#8220; css=&#8220;.vc_custom_1519055807128{margin-top: 0px !important;margin-right: 0px !important;margin-bottom: 0px !important;margin-left: 0px !important;padding-top: 0px !important;padding-right: 0px !important;padding-bottom: 0px !important;padding-left: 0px !important;}&#8220;][vc_column css=&#8220;.vc_custom_1519055822648{margin-top: 0px !important;margin-right: 0px !important;margin-bottom: 0px !important;margin-left: 0px !important;padding-top: 0px !important;padding-right: 0px !important;padding-bottom: 0px !important;padding-left: 0px !important;}&#8220;][vc_single_image image=&#8220;4600&#8243; img_size=&#8220;full&#8220; alignment=&#8220;center&#8220;][\/vc_column][\/vc_row][vc_row][vc_column width=&#8220;1\/6&#8243;][\/vc_column][vc_column width=&#8220;2\/3&#8243;][vc_column_text css=&#8220;.vc_custom_1607695625820{margin-bottom: 0px !important;}&#8220;] Die Umgebung von Monte do Casar\u00e3o &nbsp; Den [&hellip;]<\/p>\n","protected":false},"author":5,"featured_media":6095,"parent":0,"menu_order":0,"comment_status":"open","ping_status":"open","template":"","meta":{"_monsterinsights_skip_tracking":false,"_monsterinsights_sitenote_active":false,"_monsterinsights_sitenote_note":"","_monsterinsights_sitenote_category":0,"footnotes":""},"class_list":["post-8195","page","type-page","status-publish","has-post-thumbnail","hentry"],"yoast_head":"<!-- This site is optimized with the Yoast SEO plugin v27.1.1 - https:\/\/yoast.com\/product\/yoast-seo-wordpress\/ -->\n<title>Umgebung von Monte do Casar\u00e3o - Monte do Casar\u00e3o<\/title>\n<meta name=\"description\" content=\"Monte do Casarao: 300 km wandelroute in de directe omgeving, meer dan 80 vogelsoorten. Habitat van das, otter, schildpad, hert, mangoeste, vos en everzwijn.\" \/>\n<meta name=\"robots\" content=\"index, follow, max-snippet:-1, max-image-preview:large, max-video-preview:-1\" \/>\n<link rel=\"canonical\" href=\"https:\/\/www.montedocasarao.com\/de\/monte-do-casarao\/\" \/>\n<meta property=\"og:locale\" content=\"de_DE\" \/>\n<meta property=\"og:type\" content=\"article\" \/>\n<meta property=\"og:title\" content=\"Umgebung von Monte do Casar\u00e3o - Monte do Casar\u00e3o\" \/>\n<meta property=\"og:description\" content=\"Monte do Casarao: 300 km wandelroute in de directe omgeving, meer dan 80 vogelsoorten. Habitat van das, otter, schildpad, hert, mangoeste, vos en everzwijn.\" \/>\n<meta property=\"og:url\" content=\"https:\/\/www.montedocasarao.com\/de\/monte-do-casarao\/\" \/>\n<meta property=\"og:site_name\" content=\"Monte do Casar\u00e3o\" \/>\n<meta property=\"article:publisher\" content=\"https:\/\/www.facebook.com\/MonteDoCasarao\" \/>\n<meta property=\"article:modified_time\" content=\"2020-12-11T14:07:13+00:00\" \/>\n<meta property=\"og:image\" content=\"https:\/\/www.montedocasarao.com\/wp-content\/uploads\/2015\/03\/Vakantie-in-Portugal-MdC-Kurk-44.jpg\" \/>\n\t<meta property=\"og:image:width\" content=\"800\" \/>\n\t<meta property=\"og:image:height\" content=\"450\" \/>\n\t<meta property=\"og:image:type\" content=\"image\/jpeg\" \/>\n<meta name=\"twitter:label1\" content=\"Gesch\u00e4tzte Lesezeit\" \/>\n\t<meta name=\"twitter:data1\" content=\"3\u00a0Minuten\" \/>\n<script type=\"application\/ld+json\" class=\"yoast-schema-graph\">{\"@context\":\"https:\/\/schema.org\",\"@graph\":[{\"@type\":\"WebPage\",\"@id\":\"https:\/\/www.montedocasarao.com\/de\/monte-do-casarao\/\",\"url\":\"https:\/\/www.montedocasarao.com\/de\/monte-do-casarao\/\",\"name\":\"Umgebung von Monte do Casar\u00e3o - Monte do Casar\u00e3o\",\"isPartOf\":{\"@id\":\"https:\/\/www.montedocasarao.com\/#website\"},\"primaryImageOfPage\":{\"@id\":\"https:\/\/www.montedocasarao.com\/de\/monte-do-casarao\/#primaryimage\"},\"image\":{\"@id\":\"https:\/\/www.montedocasarao.com\/de\/monte-do-casarao\/#primaryimage\"},\"thumbnailUrl\":\"https:\/\/www.montedocasarao.com\/wp-content\/uploads\/2015\/03\/Vakantie-in-Portugal-MdC-Kurk-44.jpg\",\"datePublished\":\"2015-03-15T13:29:02+00:00\",\"dateModified\":\"2020-12-11T14:07:13+00:00\",\"description\":\"Monte do Casarao: 300 km wandelroute in de directe omgeving, meer dan 80 vogelsoorten. Habitat van das, otter, schildpad, hert, mangoeste, vos en everzwijn.\",\"breadcrumb\":{\"@id\":\"https:\/\/www.montedocasarao.com\/de\/monte-do-casarao\/#breadcrumb\"},\"inLanguage\":\"de\",\"potentialAction\":[{\"@type\":\"ReadAction\",\"target\":[\"https:\/\/www.montedocasarao.com\/de\/monte-do-casarao\/\"]}]},{\"@type\":\"ImageObject\",\"inLanguage\":\"de\",\"@id\":\"https:\/\/www.montedocasarao.com\/de\/monte-do-casarao\/#primaryimage\",\"url\":\"https:\/\/www.montedocasarao.com\/wp-content\/uploads\/2015\/03\/Vakantie-in-Portugal-MdC-Kurk-44.jpg\",\"contentUrl\":\"https:\/\/www.montedocasarao.com\/wp-content\/uploads\/2015\/03\/Vakantie-in-Portugal-MdC-Kurk-44.jpg\",\"width\":800,\"height\":450},{\"@type\":\"BreadcrumbList\",\"@id\":\"https:\/\/www.montedocasarao.com\/de\/monte-do-casarao\/#breadcrumb\",\"itemListElement\":[{\"@type\":\"ListItem\",\"position\":1,\"name\":\"Home\",\"item\":\"https:\/\/www.montedocasarao.com\/de\/\"},{\"@type\":\"ListItem\",\"position\":2,\"name\":\"Umgebung von Monte do Casar\u00e3o\"}]},{\"@type\":\"WebSite\",\"@id\":\"https:\/\/www.montedocasarao.com\/#website\",\"url\":\"https:\/\/www.montedocasarao.com\/\",\"name\":\"Monte do Casar\u00e3o\",\"description\":\"\",\"publisher\":{\"@id\":\"https:\/\/www.montedocasarao.com\/#organization\"},\"potentialAction\":[{\"@type\":\"SearchAction\",\"target\":{\"@type\":\"EntryPoint\",\"urlTemplate\":\"https:\/\/www.montedocasarao.com\/?s={search_term_string}\"},\"query-input\":{\"@type\":\"PropertyValueSpecification\",\"valueRequired\":true,\"valueName\":\"search_term_string\"}}],\"inLanguage\":\"de\"},{\"@type\":\"Organization\",\"@id\":\"https:\/\/www.montedocasarao.com\/#organization\",\"name\":\"Monte do Casar\u00e3o\",\"url\":\"https:\/\/www.montedocasarao.com\/\",\"logo\":{\"@type\":\"ImageObject\",\"inLanguage\":\"de\",\"@id\":\"https:\/\/www.montedocasarao.com\/#\/schema\/logo\/image\/\",\"url\":\"https:\/\/www.montedocasarao.com\/wp-content\/uploads\/2018\/02\/logo_monte_small.png\",\"contentUrl\":\"https:\/\/www.montedocasarao.com\/wp-content\/uploads\/2018\/02\/logo_monte_small.png\",\"width\":270,\"height\":76,\"caption\":\"Monte do Casar\u00e3o\"},\"image\":{\"@id\":\"https:\/\/www.montedocasarao.com\/#\/schema\/logo\/image\/\"},\"sameAs\":[\"https:\/\/www.facebook.com\/MonteDoCasarao\"]}]}<\/script>\n<!-- \/ Yoast SEO plugin. -->","yoast_head_json":{"title":"Umgebung von Monte do Casar\u00e3o - Monte do Casar\u00e3o","description":"Monte do Casarao: 300 km wandelroute in de directe omgeving, meer dan 80 vogelsoorten. Habitat van das, otter, schildpad, hert, mangoeste, vos en everzwijn.","robots":{"index":"index","follow":"follow","max-snippet":"max-snippet:-1","max-image-preview":"max-image-preview:large","max-video-preview":"max-video-preview:-1"},"canonical":"https:\/\/www.montedocasarao.com\/de\/monte-do-casarao\/","og_locale":"de_DE","og_type":"article","og_title":"Umgebung von Monte do Casar\u00e3o - Monte do Casar\u00e3o","og_description":"Monte do Casarao: 300 km wandelroute in de directe omgeving, meer dan 80 vogelsoorten. Habitat van das, otter, schildpad, hert, mangoeste, vos en everzwijn.","og_url":"https:\/\/www.montedocasarao.com\/de\/monte-do-casarao\/","og_site_name":"Monte do Casar\u00e3o","article_publisher":"https:\/\/www.facebook.com\/MonteDoCasarao","article_modified_time":"2020-12-11T14:07:13+00:00","og_image":[{"width":800,"height":450,"url":"https:\/\/www.montedocasarao.com\/wp-content\/uploads\/2015\/03\/Vakantie-in-Portugal-MdC-Kurk-44.jpg","type":"image\/jpeg"}],"twitter_misc":{"Gesch\u00e4tzte Lesezeit":"3\u00a0Minuten"},"schema":{"@context":"https:\/\/schema.org","@graph":[{"@type":"WebPage","@id":"https:\/\/www.montedocasarao.com\/de\/monte-do-casarao\/","url":"https:\/\/www.montedocasarao.com\/de\/monte-do-casarao\/","name":"Umgebung von Monte do Casar\u00e3o - Monte do Casar\u00e3o","isPartOf":{"@id":"https:\/\/www.montedocasarao.com\/#website"},"primaryImageOfPage":{"@id":"https:\/\/www.montedocasarao.com\/de\/monte-do-casarao\/#primaryimage"},"image":{"@id":"https:\/\/www.montedocasarao.com\/de\/monte-do-casarao\/#primaryimage"},"thumbnailUrl":"https:\/\/www.montedocasarao.com\/wp-content\/uploads\/2015\/03\/Vakantie-in-Portugal-MdC-Kurk-44.jpg","datePublished":"2015-03-15T13:29:02+00:00","dateModified":"2020-12-11T14:07:13+00:00","description":"Monte do Casarao: 300 km wandelroute in de directe omgeving, meer dan 80 vogelsoorten. Habitat van das, otter, schildpad, hert, mangoeste, vos en everzwijn.","breadcrumb":{"@id":"https:\/\/www.montedocasarao.com\/de\/monte-do-casarao\/#breadcrumb"},"inLanguage":"de","potentialAction":[{"@type":"ReadAction","target":["https:\/\/www.montedocasarao.com\/de\/monte-do-casarao\/"]}]},{"@type":"ImageObject","inLanguage":"de","@id":"https:\/\/www.montedocasarao.com\/de\/monte-do-casarao\/#primaryimage","url":"https:\/\/www.montedocasarao.com\/wp-content\/uploads\/2015\/03\/Vakantie-in-Portugal-MdC-Kurk-44.jpg","contentUrl":"https:\/\/www.montedocasarao.com\/wp-content\/uploads\/2015\/03\/Vakantie-in-Portugal-MdC-Kurk-44.jpg","width":800,"height":450},{"@type":"BreadcrumbList","@id":"https:\/\/www.montedocasarao.com\/de\/monte-do-casarao\/#breadcrumb","itemListElement":[{"@type":"ListItem","position":1,"name":"Home","item":"https:\/\/www.montedocasarao.com\/de\/"},{"@type":"ListItem","position":2,"name":"Umgebung von Monte do Casar\u00e3o"}]},{"@type":"WebSite","@id":"https:\/\/www.montedocasarao.com\/#website","url":"https:\/\/www.montedocasarao.com\/","name":"Monte do Casar\u00e3o","description":"","publisher":{"@id":"https:\/\/www.montedocasarao.com\/#organization"},"potentialAction":[{"@type":"SearchAction","target":{"@type":"EntryPoint","urlTemplate":"https:\/\/www.montedocasarao.com\/?s={search_term_string}"},"query-input":{"@type":"PropertyValueSpecification","valueRequired":true,"valueName":"search_term_string"}}],"inLanguage":"de"},{"@type":"Organization","@id":"https:\/\/www.montedocasarao.com\/#organization","name":"Monte do Casar\u00e3o","url":"https:\/\/www.montedocasarao.com\/","logo":{"@type":"ImageObject","inLanguage":"de","@id":"https:\/\/www.montedocasarao.com\/#\/schema\/logo\/image\/","url":"https:\/\/www.montedocasarao.com\/wp-content\/uploads\/2018\/02\/logo_monte_small.png","contentUrl":"https:\/\/www.montedocasarao.com\/wp-content\/uploads\/2018\/02\/logo_monte_small.png","width":270,"height":76,"caption":"Monte do Casar\u00e3o"},"image":{"@id":"https:\/\/www.montedocasarao.com\/#\/schema\/logo\/image\/"},"sameAs":["https:\/\/www.facebook.com\/MonteDoCasarao"]}]}},"_links":{"self":[{"href":"https:\/\/www.montedocasarao.com\/de\/wp-json\/wp\/v2\/pages\/8195","targetHints":{"allow":["GET"]}}],"collection":[{"href":"https:\/\/www.montedocasarao.com\/de\/wp-json\/wp\/v2\/pages"}],"about":[{"href":"https:\/\/www.montedocasarao.com\/de\/wp-json\/wp\/v2\/types\/page"}],"author":[{"embeddable":true,"href":"https:\/\/www.montedocasarao.com\/de\/wp-json\/wp\/v2\/users\/5"}],"replies":[{"embeddable":true,"href":"https:\/\/www.montedocasarao.com\/de\/wp-json\/wp\/v2\/comments?post=8195"}],"version-history":[{"count":46,"href":"https:\/\/www.montedocasarao.com\/de\/wp-json\/wp\/v2\/pages\/8195\/revisions"}],"predecessor-version":[{"id":14825,"href":"https:\/\/www.montedocasarao.com\/de\/wp-json\/wp\/v2\/pages\/8195\/revisions\/14825"}],"wp:featuredmedia":[{"embeddable":true,"href":"https:\/\/www.montedocasarao.com\/de\/wp-json\/wp\/v2\/media\/6095"}],"wp:attachment":[{"href":"https:\/\/www.montedocasarao.com\/de\/wp-json\/wp\/v2\/media?parent=8195"}],"curies":[{"name":"wp","href":"https:\/\/api.w.org\/{rel}","templated":true}]}}