{"id":8173,"date":"2015-03-15T16:21:44","date_gmt":"2015-03-15T15:21:44","guid":{"rendered":"https:\/\/www.montedocasarao.com\/pt-pt\/hoe-het-begon\/kurkoogst\/"},"modified":"2020-05-22T10:51:52","modified_gmt":"2020-05-22T09:51:52","slug":"kurk","status":"publish","type":"page","link":"https:\/\/www.montedocasarao.com\/pt-pt\/hoe-het-begon\/kurk\/","title":{"rendered":"Colheita de corti\u00e7a"},"content":{"rendered":"<div class=\"wpb-content-wrapper\">[vc_row fullwidth=&#8221;true&#8221; fullwidth_content=&#8221;false&#8221; el_class=&#8221;background-monte-row-home showcase-image&#8221; css=&#8221;.vc_custom_1519055807128{margin-top: 0px !important;margin-right: 0px !important;margin-bottom: 0px !important;margin-left: 0px !important;padding-top: 0px !important;padding-right: 0px !important;padding-bottom: 0px !important;padding-left: 0px !important;}&#8221;][vc_column css=&#8221;.vc_custom_1519055822648{margin-top: 0px !important;margin-right: 0px !important;margin-bottom: 0px !important;margin-left: 0px !important;padding-top: 0px !important;padding-right: 0px !important;padding-bottom: 0px !important;padding-left: 0px !important;}&#8221;][vc_single_image image=&#8221;4422&#8243; img_size=&#8221;full&#8221; alignment=&#8221;center&#8221;][\/vc_column][\/vc_row][vc_row css=&#8221;.vc_custom_1426433093155{padding-bottom: 2% !important;}&#8221;][vc_column width=&#8221;1\/6&#8243;][\/vc_column][vc_column width=&#8221;2\/3&#8243;][vc_column_text css=&#8221;.vc_custom_1590141099653{margin-bottom: 0px !important;}&#8221;]\n<h2><span style=\"color: #ff0000;\">COLHEITA\u00a0DE CORTI\u00c7A<\/span><\/h2>\n<p>Embora o Monte do Casar\u00e3o anteriormente tenha sido uma planta\u00e7\u00e3o de eucalipto, h\u00e1 bastantes sobreiros. Uma vez por dez anos (verifica-se mediante os c\u00edrculos de anos se os dez anos de facto passaram) a corti\u00e7a pode ser tirado do sobreiro.<\/p>\n<p>No Monte do Casar\u00e3o, o trabalho foi realizado por 7 pessoas: quatro cortadores (o conhecimento \u00e9 passado de pai ao filho), dois carregadores e um rapaz que pintou os 8-tes (de 2018) nas \u00e1rvores nuas. A corti\u00e7a foi tirada num s\u00e1bado e na segunda-feira foi tudo juntado em frente do Casar\u00e3o Velho. Depois da <a href=\"https:\/\/pt.wikipedia.org\/wiki\/Corti%C3%A7a\" target=\"_blank\" rel=\"noopener noreferrer\">corti\u00e7a<\/a> ter secado por quatro semanas, tudo foi pesado e vendido.<\/p>\n<p>Esta nossa primeira colheita chegou \u00e0s 124 arrobas (uma arroba \u00e9 aproximadamente 15 quilos). Porque s\u00f3 foi tirada a corti\u00e7a de um ter\u00e7o dos sobreiros podemos esperar fazer uma colheita semelhante em cada tr\u00eas anos.<\/p>\n<p>Uma anedota engra\u00e7ada \u00e9 que para poder tirar a corti\u00e7a foi necess\u00e1rio fazer um caminho no vale atr\u00e1s da Casa Boa. A rua foi feita uns dias antes dos cortadores come\u00e7arem o seu trabalho. Foi um grande choque para n\u00f3s! De repente havia uma caminho novo. 35 hectares s\u00e3o bastante terreno![\/vc_column_text][\/vc_column][vc_column width=&#8221;1\/6&#8243;][\/vc_column][\/vc_row][vc_row][vc_column css=&#8221;.vc_custom_1519477784724{padding-top: 2% !important;padding-bottom: 3% !important;}&#8221; offset=&#8221;vc_hidden-xs&#8221;][vc_masonry_media_grid element_width=&#8221;2&#8243; filter_size=&#8221;md&#8221; arrows_design=&#8221;none&#8221; arrows_position=&#8221;inside&#8221; arrows_color=&#8221;blue&#8221; paging_design=&#8221;radio_dots&#8221; paging_color=&#8221;grey&#8221; loop=&#8221;&#8221; autoplay=&#8221;-1&#8243; include=&#8221;4376,4380,4384,4388,4392,4396,4400,4404,4368,4408,4372,4412&#8243; grid_id=&#8221;vc_gid:1590141083739-e597c33f-1151-7&#8243;][\/vc_column][\/vc_row][vc_row][vc_column css=&#8221;.vc_custom_1519124878614{padding-top: 2% !important;padding-bottom: 3% !important;}&#8221; offset=&#8221;vc_hidden-lg vc_hidden-md vc_hidden-sm&#8221;][vc_images_carousel images=&#8221;4376,4380,4384,4388,4392,4396,4400,4404,4368,4408,4372,4412&#8243; img_size=&#8221;full&#8221; onclick=&#8221;link_no&#8221;][\/vc_column][\/vc_row][vc_row fullwidth=&#8221;true&#8221; fullwidth_content=&#8221;false&#8221; el_class=&#8221;background&#8221; css=&#8221;.vc_custom_1519085074946{padding-top: 0px !important;padding-bottom: 0px !important;}&#8221;][vc_column css=&#8221;.vc_custom_1519085062491{padding-top: 0px !important;padding-bottom: 0px !important;}&#8221;][vc_row_inner el_class=&#8221;midden row-background-1200&#8243; css=&#8221;.vc_custom_1519085098693{padding-top: 0px !important;padding-bottom: 0px !important;}&#8221;][vc_column_inner el_class=&#8221;green-red-section-kolomn-1&#8243; width=&#8221;1\/4&#8243;][vc_empty_space height=&#8221;40px&#8221;][vc_widget_sidebar sidebar_id=&#8221;sidebar-3&#8243;][vc_empty_space height=&#8221;40px&#8221;][\/vc_column_inner][vc_column_inner el_class=&#8221;blok23_schilderweek green-red-section-kolomn-2&#8243; width=&#8221;1\/4&#8243;][vc_empty_space height=&#8221;40px&#8221;][vc_widget_sidebar sidebar_id=&#8221;sidebar-5&#8243;][vc_empty_space height=&#8221;40px&#8221;][\/vc_column_inner][vc_column_inner el_class=&#8221;blok4_nieuwsbrief green-red-section-kolomn-3&#8243; width=&#8221;1\/2&#8243;][vc_empty_space height=&#8221;40px&#8221;][vc_widget_sidebar sidebar_id=&#8221;sidebar-4&#8243;][vc_empty_space height=&#8221;40px&#8221;][\/vc_column_inner][\/vc_row_inner][\/vc_column][\/vc_row][vc_row css=&#8221;.vc_custom_1518140259470{padding-top: 50px !important;padding-bottom: 50px !important;}&#8221;][vc_column][vc_column_text css=&#8221;.vc_custom_1520082686259{margin-bottom: 0px !important;}&#8221;]\n<h2 style=\"text-align: center;\">READ OUR LATEST BLOGS<\/h2>\n[\/vc_column_text][mk_blog_teaser orderby=&#8221;rand&#8221;][\/vc_column][\/vc_row]\n<\/div>","protected":false},"excerpt":{"rendered":"<p>[vc_row fullwidth=&#8221;true&#8221; fullwidth_content=&#8221;false&#8221; el_class=&#8221;background-monte-row-home showcase-image&#8221; css=&#8221;.vc_custom_1519055807128{margin-top: 0px !important;margin-right: 0px !important;margin-bottom: 0px !important;margin-left: 0px !important;padding-top: 0px !important;padding-right: 0px !important;padding-bottom: 0px !important;padding-left: 0px !important;}&#8221;][vc_column css=&#8221;.vc_custom_1519055822648{margin-top: 0px !important;margin-right: 0px !important;margin-bottom: 0px !important;margin-left: 0px !important;padding-top: 0px !important;padding-right: 0px !important;padding-bottom: 0px !important;padding-left: 0px !important;}&#8221;][vc_single_image image=&#8221;4422&#8243; img_size=&#8221;full&#8221; alignment=&#8221;center&#8221;][\/vc_column][\/vc_row][vc_row css=&#8221;.vc_custom_1426433093155{padding-bottom: 2% !important;}&#8221;][vc_column width=&#8221;1\/6&#8243;][\/vc_column][vc_column width=&#8221;2\/3&#8243;][vc_column_text css=&#8221;.vc_custom_1590141099653{margin-bottom: 0px !important;}&#8221;] COLHEITA\u00a0DE CORTI\u00c7A Embora o Monte [&hellip;]<\/p>\n","protected":false},"author":5,"featured_media":4421,"parent":8162,"menu_order":0,"comment_status":"open","ping_status":"open","template":"","meta":{"_monsterinsights_skip_tracking":false,"_monsterinsights_sitenote_active":false,"_monsterinsights_sitenote_note":"","_monsterinsights_sitenote_category":0,"footnotes":""},"class_list":["post-8173","page","type-page","status-publish","has-post-thumbnail","hentry"],"yoast_head":"<!-- This site is optimized with the Yoast SEO plugin v27.1.1 - https:\/\/yoast.com\/product\/yoast-seo-wordpress\/ -->\n<title>Colheita de corti\u00e7a - Monte do Casar\u00e3o<\/title>\n<meta name=\"description\" content=\"Kurk. Hoe wordt kurk geoogst? Waar komt het vandaan? Hoe voelt het? Is kurk nog van deze tijd? Ervaar het proces in de Alentejo, Portugal op Je Eigen Berg\" \/>\n<meta name=\"robots\" content=\"index, follow, max-snippet:-1, max-image-preview:large, max-video-preview:-1\" \/>\n<link rel=\"canonical\" href=\"https:\/\/www.montedocasarao.com\/pt-pt\/hoe-het-begon\/kurk\/\" \/>\n<meta property=\"og:locale\" content=\"pt_PT\" \/>\n<meta property=\"og:type\" content=\"article\" \/>\n<meta property=\"og:title\" content=\"Colheita de corti\u00e7a - Monte do Casar\u00e3o\" \/>\n<meta property=\"og:description\" content=\"Kurk. Hoe wordt kurk geoogst? Waar komt het vandaan? Hoe voelt het? Is kurk nog van deze tijd? Ervaar het proces in de Alentejo, Portugal op Je Eigen Berg\" \/>\n<meta property=\"og:url\" content=\"https:\/\/www.montedocasarao.com\/pt-pt\/hoe-het-begon\/kurk\/\" \/>\n<meta property=\"og:site_name\" content=\"Monte do Casar\u00e3o\" \/>\n<meta property=\"article:publisher\" content=\"https:\/\/www.facebook.com\/MonteDoCasarao\" \/>\n<meta property=\"article:modified_time\" content=\"2020-05-22T09:51:52+00:00\" \/>\n<meta property=\"og:image\" content=\"https:\/\/www.montedocasarao.com\/wp-content\/uploads\/2015\/03\/Vakantie-in-Portugal-MdC-Kurk-43.jpg\" \/>\n\t<meta property=\"og:image:width\" content=\"800\" \/>\n\t<meta property=\"og:image:height\" content=\"450\" \/>\n\t<meta property=\"og:image:type\" content=\"image\/jpeg\" \/>\n<meta name=\"twitter:label1\" content=\"Tempo estimado de leitura\" \/>\n\t<meta name=\"twitter:data1\" content=\"3 minutos\" \/>\n<script type=\"application\/ld+json\" class=\"yoast-schema-graph\">{\"@context\":\"https:\/\/schema.org\",\"@graph\":[{\"@type\":\"WebPage\",\"@id\":\"https:\/\/www.montedocasarao.com\/pt-pt\/hoe-het-begon\/kurk\/\",\"url\":\"https:\/\/www.montedocasarao.com\/pt-pt\/hoe-het-begon\/kurk\/\",\"name\":\"Colheita de corti\u00e7a - Monte do Casar\u00e3o\",\"isPartOf\":{\"@id\":\"https:\/\/www.montedocasarao.com\/#website\"},\"primaryImageOfPage\":{\"@id\":\"https:\/\/www.montedocasarao.com\/pt-pt\/hoe-het-begon\/kurk\/#primaryimage\"},\"image\":{\"@id\":\"https:\/\/www.montedocasarao.com\/pt-pt\/hoe-het-begon\/kurk\/#primaryimage\"},\"thumbnailUrl\":\"https:\/\/www.montedocasarao.com\/wp-content\/uploads\/2015\/03\/Vakantie-in-Portugal-MdC-Kurk-43.jpg\",\"datePublished\":\"2015-03-15T15:21:44+00:00\",\"dateModified\":\"2020-05-22T09:51:52+00:00\",\"description\":\"Kurk. Hoe wordt kurk geoogst? Waar komt het vandaan? Hoe voelt het? Is kurk nog van deze tijd? Ervaar het proces in de Alentejo, Portugal op Je Eigen Berg\",\"breadcrumb\":{\"@id\":\"https:\/\/www.montedocasarao.com\/pt-pt\/hoe-het-begon\/kurk\/#breadcrumb\"},\"inLanguage\":\"pt-PT\",\"potentialAction\":[{\"@type\":\"ReadAction\",\"target\":[\"https:\/\/www.montedocasarao.com\/pt-pt\/hoe-het-begon\/kurk\/\"]}]},{\"@type\":\"ImageObject\",\"inLanguage\":\"pt-PT\",\"@id\":\"https:\/\/www.montedocasarao.com\/pt-pt\/hoe-het-begon\/kurk\/#primaryimage\",\"url\":\"https:\/\/www.montedocasarao.com\/wp-content\/uploads\/2015\/03\/Vakantie-in-Portugal-MdC-Kurk-43.jpg\",\"contentUrl\":\"https:\/\/www.montedocasarao.com\/wp-content\/uploads\/2015\/03\/Vakantie-in-Portugal-MdC-Kurk-43.jpg\",\"width\":800,\"height\":450},{\"@type\":\"BreadcrumbList\",\"@id\":\"https:\/\/www.montedocasarao.com\/pt-pt\/hoe-het-begon\/kurk\/#breadcrumb\",\"itemListElement\":[{\"@type\":\"ListItem\",\"position\":1,\"name\":\"Home\",\"item\":\"https:\/\/www.montedocasarao.com\/pt-pt\/\"},{\"@type\":\"ListItem\",\"position\":2,\"name\":\"Hist\u00f3ria\",\"item\":\"https:\/\/www.montedocasarao.com\/pt-pt\/hoe-het-begon\/\"},{\"@type\":\"ListItem\",\"position\":3,\"name\":\"Colheita de corti\u00e7a\"}]},{\"@type\":\"WebSite\",\"@id\":\"https:\/\/www.montedocasarao.com\/#website\",\"url\":\"https:\/\/www.montedocasarao.com\/\",\"name\":\"Monte do Casar\u00e3o\",\"description\":\"\",\"publisher\":{\"@id\":\"https:\/\/www.montedocasarao.com\/#organization\"},\"potentialAction\":[{\"@type\":\"SearchAction\",\"target\":{\"@type\":\"EntryPoint\",\"urlTemplate\":\"https:\/\/www.montedocasarao.com\/?s={search_term_string}\"},\"query-input\":{\"@type\":\"PropertyValueSpecification\",\"valueRequired\":true,\"valueName\":\"search_term_string\"}}],\"inLanguage\":\"pt-PT\"},{\"@type\":\"Organization\",\"@id\":\"https:\/\/www.montedocasarao.com\/#organization\",\"name\":\"Monte do Casar\u00e3o\",\"url\":\"https:\/\/www.montedocasarao.com\/\",\"logo\":{\"@type\":\"ImageObject\",\"inLanguage\":\"pt-PT\",\"@id\":\"https:\/\/www.montedocasarao.com\/#\/schema\/logo\/image\/\",\"url\":\"https:\/\/www.montedocasarao.com\/wp-content\/uploads\/2018\/02\/logo_monte_small.png\",\"contentUrl\":\"https:\/\/www.montedocasarao.com\/wp-content\/uploads\/2018\/02\/logo_monte_small.png\",\"width\":270,\"height\":76,\"caption\":\"Monte do Casar\u00e3o\"},\"image\":{\"@id\":\"https:\/\/www.montedocasarao.com\/#\/schema\/logo\/image\/\"},\"sameAs\":[\"https:\/\/www.facebook.com\/MonteDoCasarao\"]}]}<\/script>\n<!-- \/ Yoast SEO plugin. -->","yoast_head_json":{"title":"Colheita de corti\u00e7a - Monte do Casar\u00e3o","description":"Kurk. Hoe wordt kurk geoogst? Waar komt het vandaan? Hoe voelt het? Is kurk nog van deze tijd? Ervaar het proces in de Alentejo, Portugal op Je Eigen Berg","robots":{"index":"index","follow":"follow","max-snippet":"max-snippet:-1","max-image-preview":"max-image-preview:large","max-video-preview":"max-video-preview:-1"},"canonical":"https:\/\/www.montedocasarao.com\/pt-pt\/hoe-het-begon\/kurk\/","og_locale":"pt_PT","og_type":"article","og_title":"Colheita de corti\u00e7a - Monte do Casar\u00e3o","og_description":"Kurk. Hoe wordt kurk geoogst? Waar komt het vandaan? Hoe voelt het? Is kurk nog van deze tijd? Ervaar het proces in de Alentejo, Portugal op Je Eigen Berg","og_url":"https:\/\/www.montedocasarao.com\/pt-pt\/hoe-het-begon\/kurk\/","og_site_name":"Monte do Casar\u00e3o","article_publisher":"https:\/\/www.facebook.com\/MonteDoCasarao","article_modified_time":"2020-05-22T09:51:52+00:00","og_image":[{"width":800,"height":450,"url":"https:\/\/www.montedocasarao.com\/wp-content\/uploads\/2015\/03\/Vakantie-in-Portugal-MdC-Kurk-43.jpg","type":"image\/jpeg"}],"twitter_misc":{"Tempo estimado de leitura":"3 minutos"},"schema":{"@context":"https:\/\/schema.org","@graph":[{"@type":"WebPage","@id":"https:\/\/www.montedocasarao.com\/pt-pt\/hoe-het-begon\/kurk\/","url":"https:\/\/www.montedocasarao.com\/pt-pt\/hoe-het-begon\/kurk\/","name":"Colheita de corti\u00e7a - Monte do Casar\u00e3o","isPartOf":{"@id":"https:\/\/www.montedocasarao.com\/#website"},"primaryImageOfPage":{"@id":"https:\/\/www.montedocasarao.com\/pt-pt\/hoe-het-begon\/kurk\/#primaryimage"},"image":{"@id":"https:\/\/www.montedocasarao.com\/pt-pt\/hoe-het-begon\/kurk\/#primaryimage"},"thumbnailUrl":"https:\/\/www.montedocasarao.com\/wp-content\/uploads\/2015\/03\/Vakantie-in-Portugal-MdC-Kurk-43.jpg","datePublished":"2015-03-15T15:21:44+00:00","dateModified":"2020-05-22T09:51:52+00:00","description":"Kurk. Hoe wordt kurk geoogst? Waar komt het vandaan? Hoe voelt het? Is kurk nog van deze tijd? Ervaar het proces in de Alentejo, Portugal op Je Eigen Berg","breadcrumb":{"@id":"https:\/\/www.montedocasarao.com\/pt-pt\/hoe-het-begon\/kurk\/#breadcrumb"},"inLanguage":"pt-PT","potentialAction":[{"@type":"ReadAction","target":["https:\/\/www.montedocasarao.com\/pt-pt\/hoe-het-begon\/kurk\/"]}]},{"@type":"ImageObject","inLanguage":"pt-PT","@id":"https:\/\/www.montedocasarao.com\/pt-pt\/hoe-het-begon\/kurk\/#primaryimage","url":"https:\/\/www.montedocasarao.com\/wp-content\/uploads\/2015\/03\/Vakantie-in-Portugal-MdC-Kurk-43.jpg","contentUrl":"https:\/\/www.montedocasarao.com\/wp-content\/uploads\/2015\/03\/Vakantie-in-Portugal-MdC-Kurk-43.jpg","width":800,"height":450},{"@type":"BreadcrumbList","@id":"https:\/\/www.montedocasarao.com\/pt-pt\/hoe-het-begon\/kurk\/#breadcrumb","itemListElement":[{"@type":"ListItem","position":1,"name":"Home","item":"https:\/\/www.montedocasarao.com\/pt-pt\/"},{"@type":"ListItem","position":2,"name":"Hist\u00f3ria","item":"https:\/\/www.montedocasarao.com\/pt-pt\/hoe-het-begon\/"},{"@type":"ListItem","position":3,"name":"Colheita de corti\u00e7a"}]},{"@type":"WebSite","@id":"https:\/\/www.montedocasarao.com\/#website","url":"https:\/\/www.montedocasarao.com\/","name":"Monte do Casar\u00e3o","description":"","publisher":{"@id":"https:\/\/www.montedocasarao.com\/#organization"},"potentialAction":[{"@type":"SearchAction","target":{"@type":"EntryPoint","urlTemplate":"https:\/\/www.montedocasarao.com\/?s={search_term_string}"},"query-input":{"@type":"PropertyValueSpecification","valueRequired":true,"valueName":"search_term_string"}}],"inLanguage":"pt-PT"},{"@type":"Organization","@id":"https:\/\/www.montedocasarao.com\/#organization","name":"Monte do Casar\u00e3o","url":"https:\/\/www.montedocasarao.com\/","logo":{"@type":"ImageObject","inLanguage":"pt-PT","@id":"https:\/\/www.montedocasarao.com\/#\/schema\/logo\/image\/","url":"https:\/\/www.montedocasarao.com\/wp-content\/uploads\/2018\/02\/logo_monte_small.png","contentUrl":"https:\/\/www.montedocasarao.com\/wp-content\/uploads\/2018\/02\/logo_monte_small.png","width":270,"height":76,"caption":"Monte do Casar\u00e3o"},"image":{"@id":"https:\/\/www.montedocasarao.com\/#\/schema\/logo\/image\/"},"sameAs":["https:\/\/www.facebook.com\/MonteDoCasarao"]}]}},"_links":{"self":[{"href":"https:\/\/www.montedocasarao.com\/pt-pt\/wp-json\/wp\/v2\/pages\/8173","targetHints":{"allow":["GET"]}}],"collection":[{"href":"https:\/\/www.montedocasarao.com\/pt-pt\/wp-json\/wp\/v2\/pages"}],"about":[{"href":"https:\/\/www.montedocasarao.com\/pt-pt\/wp-json\/wp\/v2\/types\/page"}],"author":[{"embeddable":true,"href":"https:\/\/www.montedocasarao.com\/pt-pt\/wp-json\/wp\/v2\/users\/5"}],"replies":[{"embeddable":true,"href":"https:\/\/www.montedocasarao.com\/pt-pt\/wp-json\/wp\/v2\/comments?post=8173"}],"version-history":[{"count":9,"href":"https:\/\/www.montedocasarao.com\/pt-pt\/wp-json\/wp\/v2\/pages\/8173\/revisions"}],"predecessor-version":[{"id":14366,"href":"https:\/\/www.montedocasarao.com\/pt-pt\/wp-json\/wp\/v2\/pages\/8173\/revisions\/14366"}],"up":[{"embeddable":true,"href":"https:\/\/www.montedocasarao.com\/pt-pt\/wp-json\/wp\/v2\/pages\/8162"}],"wp:featuredmedia":[{"embeddable":true,"href":"https:\/\/www.montedocasarao.com\/pt-pt\/wp-json\/wp\/v2\/media\/4421"}],"wp:attachment":[{"href":"https:\/\/www.montedocasarao.com\/pt-pt\/wp-json\/wp\/v2\/media?parent=8173"}],"curies":[{"name":"wp","href":"https:\/\/api.w.org\/{rel}","templated":true}]}}