{"id":8179,"date":"2015-03-15T16:28:39","date_gmt":"2015-03-15T15:28:39","guid":{"rendered":"https:\/\/www.montedocasarao.com\/pt-pt\/hoe-het-begon\/nieuwe-waterbron\/"},"modified":"2020-05-22T11:21:23","modified_gmt":"2020-05-22T10:21:23","slug":"nieuwe-waterbron","status":"publish","type":"page","link":"https:\/\/www.montedocasarao.com\/pt-pt\/hoe-het-begon\/nieuwe-waterbron\/","title":{"rendered":"Abastecimento de \u00e1gua"},"content":{"rendered":"<div class=\"wpb-content-wrapper\">[vc_row fullwidth=&#8221;true&#8221; fullwidth_content=&#8221;false&#8221; el_class=&#8221;background-monte-row-home showcase-image&#8221; css=&#8221;.vc_custom_1519055807128{margin-top: 0px !important;margin-right: 0px !important;margin-bottom: 0px !important;margin-left: 0px !important;padding-top: 0px !important;padding-right: 0px !important;padding-bottom: 0px !important;padding-left: 0px !important;}&#8221;][vc_column css=&#8221;.vc_custom_1519055822648{margin-top: 0px !important;margin-right: 0px !important;margin-bottom: 0px !important;margin-left: 0px !important;padding-top: 0px !important;padding-right: 0px !important;padding-bottom: 0px !important;padding-left: 0px !important;}&#8221;][vc_single_image image=&#8221;5062&#8243; img_size=&#8221;full&#8221; alignment=&#8221;center&#8221;][\/vc_column][\/vc_row][vc_row css=&#8221;.vc_custom_1426433093155{padding-bottom: 2% !important;}&#8221;][vc_column width=&#8221;1\/6&#8243;][\/vc_column][vc_column width=&#8221;2\/3&#8243;][vc_column_text css=&#8221;.vc_custom_1590142844967{margin-bottom: 0px !important;}&#8221;]\n<h2><span style=\"color: #ff0000;\">Abastecimento de \u00e1gua<\/span><\/h2>\n<p>Para o abastecimento de \u00e1gua, o Monte do Casar\u00e3o conta com dois po\u00e7os: um com 40 metros de profundidade, o outro &#8211; que foi perfurado posteriormente, quando descobrimos que a \u00e1gua era insuficiente durante o ver\u00e3o &#8211; tem 180 metros de profundidade. A \u00e1gua \u00e9 bombeada para Casar\u00e3o Velho, onde \u00e9 purificada pela primeira vez. Em seguida, \u00e9 bombeado para o dep\u00f3sito de \u00e1gua situado a cerca de 25 metros acima da Casa Marcanta. De l\u00e1, ele flui por conta pr\u00f3pria, de volta para as casas.<br \/>\nPurificando a \u00e1gua<\/p>\n<p>Para purificar a \u00e1gua, foi realizado um estudo em colabora\u00e7\u00e3o com a Universidade de Tecnologia de Delft e especialistas portugueses sobre a solu\u00e7\u00e3o mais eficaz (e acess\u00edvel). No final, escolhemos a troca de \u00edons, um sistema de purifica\u00e7\u00e3o baseado em sal.<br \/>\nReutilizando a \u00e1gua<\/p>\n<p>Durante o ver\u00e3o, a \u00e1gua \u00e9 escassa em grandes partes do Alentejo. No Monte do Casar\u00e3o, precisamos economizar \u00e1gua tamb\u00e9m. \u00c9 por isso que tentamos reutiliz\u00e1-lo o m\u00e1ximo poss\u00edvel. As \u00e1guas residuais de todas as casas s\u00e3o coletadas em uma esta\u00e7\u00e3o de tratamento de esgoto em Casar\u00e3o Velho, tratada naturalmente por meio de cascalho e cana e devolvida \u00e0 natureza.<br \/>\nRegando plantas<\/p>\n<p>Al\u00e9m disso, a \u00e1gua nos chuveiros tem um destino: n\u00e3o desce pelo ralo. Em vez disso, coletamos em um balde para regar as plantas.[\/vc_column_text][\/vc_column][vc_column width=&#8221;1\/6&#8243;][\/vc_column][\/vc_row][vc_row][vc_column css=&#8221;.vc_custom_1519477871114{padding-top: 2% !important;padding-bottom: 3% !important;}&#8221; offset=&#8221;vc_hidden-xs&#8221;][vc_masonry_media_grid element_width=&#8221;2&#8243; filter_size=&#8221;md&#8221; arrows_design=&#8221;none&#8221; arrows_position=&#8221;inside&#8221; arrows_color=&#8221;blue&#8221; paging_design=&#8221;radio_dots&#8221; paging_color=&#8221;grey&#8221; loop=&#8221;&#8221; autoplay=&#8221;-1&#8243; include=&#8221;4994,5079,4990,4998,5002,5006,5014,5022,5074,5030,5034,5026&#8243; grid_id=&#8221;vc_gid:1590142555619-a3906dfc-2b04-3&#8243;][\/vc_column][\/vc_row][vc_row][vc_column css=&#8221;.vc_custom_1519124878614{padding-top: 2% !important;padding-bottom: 3% !important;}&#8221; offset=&#8221;vc_hidden-lg vc_hidden-md vc_hidden-sm&#8221;][vc_images_carousel images=&#8221;4994,5079,4990,4998,5002,5006,5014,5022,5074,5030,5034,5026&#8243; img_size=&#8221;full&#8221; onclick=&#8221;link_no&#8221;][\/vc_column][\/vc_row][vc_row fullwidth=&#8221;true&#8221; fullwidth_content=&#8221;false&#8221; el_class=&#8221;background&#8221; css=&#8221;.vc_custom_1519085074946{padding-top: 0px !important;padding-bottom: 0px !important;}&#8221;][vc_column css=&#8221;.vc_custom_1519085062491{padding-top: 0px !important;padding-bottom: 0px !important;}&#8221;][vc_row_inner el_class=&#8221;midden row-background-1200&#8243; css=&#8221;.vc_custom_1519085098693{padding-top: 0px !important;padding-bottom: 0px !important;}&#8221;][vc_column_inner el_class=&#8221;green-red-section-kolomn-1&#8243; width=&#8221;1\/4&#8243;][vc_empty_space height=&#8221;40px&#8221;][vc_widget_sidebar sidebar_id=&#8221;sidebar-3&#8243;][vc_empty_space height=&#8221;40px&#8221;][\/vc_column_inner][vc_column_inner el_class=&#8221;blok23_schilderweek green-red-section-kolomn-2&#8243; width=&#8221;1\/4&#8243;][vc_empty_space height=&#8221;40px&#8221;][vc_widget_sidebar sidebar_id=&#8221;sidebar-5&#8243;][vc_empty_space height=&#8221;40px&#8221;][\/vc_column_inner][vc_column_inner el_class=&#8221;blok4_nieuwsbrief green-red-section-kolomn-3&#8243; width=&#8221;1\/2&#8243;][vc_empty_space height=&#8221;40px&#8221;][vc_widget_sidebar sidebar_id=&#8221;sidebar-4&#8243;][vc_empty_space height=&#8221;40px&#8221;][\/vc_column_inner][\/vc_row_inner][\/vc_column][\/vc_row][vc_row css=&#8221;.vc_custom_1518140259470{padding-top: 50px !important;padding-bottom: 50px !important;}&#8221;][vc_column][vc_column_text css=&#8221;.vc_custom_1520082849362{margin-bottom: 0px !important;}&#8221;]\n<h2 style=\"text-align: center;\">READ OUR LATEST BLOGS<\/h2>\n[\/vc_column_text][mk_blog_teaser orderby=&#8221;rand&#8221;][\/vc_column][\/vc_row]\n<\/div>","protected":false},"excerpt":{"rendered":"<p>[vc_row fullwidth=&#8221;true&#8221; fullwidth_content=&#8221;false&#8221; el_class=&#8221;background-monte-row-home showcase-image&#8221; css=&#8221;.vc_custom_1519055807128{margin-top: 0px !important;margin-right: 0px !important;margin-bottom: 0px !important;margin-left: 0px !important;padding-top: 0px !important;padding-right: 0px !important;padding-bottom: 0px !important;padding-left: 0px !important;}&#8221;][vc_column css=&#8221;.vc_custom_1519055822648{margin-top: 0px !important;margin-right: 0px !important;margin-bottom: 0px !important;margin-left: 0px !important;padding-top: 0px !important;padding-right: 0px !important;padding-bottom: 0px !important;padding-left: 0px !important;}&#8221;][vc_single_image image=&#8221;5062&#8243; img_size=&#8221;full&#8221; alignment=&#8221;center&#8221;][\/vc_column][\/vc_row][vc_row css=&#8221;.vc_custom_1426433093155{padding-bottom: 2% !important;}&#8221;][vc_column width=&#8221;1\/6&#8243;][\/vc_column][vc_column width=&#8221;2\/3&#8243;][vc_column_text css=&#8221;.vc_custom_1590142844967{margin-bottom: 0px !important;}&#8221;] Abastecimento de \u00e1gua Para o [&hellip;]<\/p>\n","protected":false},"author":5,"featured_media":5069,"parent":8162,"menu_order":0,"comment_status":"open","ping_status":"open","template":"","meta":{"_monsterinsights_skip_tracking":false,"_monsterinsights_sitenote_active":false,"_monsterinsights_sitenote_note":"","_monsterinsights_sitenote_category":0,"footnotes":""},"class_list":["post-8179","page","type-page","status-publish","has-post-thumbnail","hentry"],"yoast_head":"<!-- This site is optimized with the Yoast SEO plugin v27.1.1 - https:\/\/yoast.com\/product\/yoast-seo-wordpress\/ -->\n<title>Abastecimento de \u00e1gua - Monte do Casar\u00e3o<\/title>\n<meta name=\"robots\" content=\"index, follow, max-snippet:-1, max-image-preview:large, max-video-preview:-1\" \/>\n<link rel=\"canonical\" href=\"https:\/\/www.montedocasarao.com\/pt-pt\/hoe-het-begon\/nieuwe-waterbron\/\" \/>\n<meta property=\"og:locale\" content=\"pt_PT\" \/>\n<meta property=\"og:type\" content=\"article\" \/>\n<meta property=\"og:title\" content=\"Abastecimento de \u00e1gua - Monte do Casar\u00e3o\" \/>\n<meta property=\"og:description\" content=\"[vc_row fullwidth=&#8221;true&#8221; fullwidth_content=&#8221;false&#8221; el_class=&#8221;background-monte-row-home showcase-image&#8221; css=&#8221;.vc_custom_1519055807128{margin-top: 0px !important;margin-right: 0px !important;margin-bottom: 0px !important;margin-left: 0px !important;padding-top: 0px !important;padding-right: 0px !important;padding-bottom: 0px !important;padding-left: 0px !important;}&#8221;][vc_column css=&#8221;.vc_custom_1519055822648{margin-top: 0px !important;margin-right: 0px !important;margin-bottom: 0px !important;margin-left: 0px !important;padding-top: 0px !important;padding-right: 0px !important;padding-bottom: 0px !important;padding-left: 0px !important;}&#8221;][vc_single_image image=&#8221;5062&#8243; img_size=&#8221;full&#8221; alignment=&#8221;center&#8221;][\/vc_column][\/vc_row][vc_row css=&#8221;.vc_custom_1426433093155{padding-bottom: 2% !important;}&#8221;][vc_column width=&#8221;1\/6&#8243;][\/vc_column][vc_column width=&#8221;2\/3&#8243;][vc_column_text css=&#8221;.vc_custom_1590142844967{margin-bottom: 0px !important;}&#8221;] Abastecimento de \u00e1gua Para o [&hellip;]\" \/>\n<meta property=\"og:url\" content=\"https:\/\/www.montedocasarao.com\/pt-pt\/hoe-het-begon\/nieuwe-waterbron\/\" \/>\n<meta property=\"og:site_name\" content=\"Monte do Casar\u00e3o\" \/>\n<meta property=\"article:publisher\" content=\"https:\/\/www.facebook.com\/MonteDoCasarao\" \/>\n<meta property=\"article:modified_time\" content=\"2020-05-22T10:21:23+00:00\" \/>\n<meta property=\"og:image\" content=\"https:\/\/www.montedocasarao.com\/wp-content\/uploads\/2015\/03\/Vakantie-in-Portugal-Monte-do-Casarao-Water-18.jpg\" \/>\n\t<meta property=\"og:image:width\" content=\"800\" \/>\n\t<meta property=\"og:image:height\" content=\"451\" \/>\n\t<meta property=\"og:image:type\" content=\"image\/jpeg\" \/>\n<meta name=\"twitter:label1\" content=\"Tempo estimado de leitura\" \/>\n\t<meta name=\"twitter:data1\" content=\"3 minutos\" \/>\n<script type=\"application\/ld+json\" class=\"yoast-schema-graph\">{\"@context\":\"https:\/\/schema.org\",\"@graph\":[{\"@type\":\"WebPage\",\"@id\":\"https:\/\/www.montedocasarao.com\/pt-pt\/hoe-het-begon\/nieuwe-waterbron\/\",\"url\":\"https:\/\/www.montedocasarao.com\/pt-pt\/hoe-het-begon\/nieuwe-waterbron\/\",\"name\":\"Abastecimento de \u00e1gua - Monte do Casar\u00e3o\",\"isPartOf\":{\"@id\":\"https:\/\/www.montedocasarao.com\/#website\"},\"primaryImageOfPage\":{\"@id\":\"https:\/\/www.montedocasarao.com\/pt-pt\/hoe-het-begon\/nieuwe-waterbron\/#primaryimage\"},\"image\":{\"@id\":\"https:\/\/www.montedocasarao.com\/pt-pt\/hoe-het-begon\/nieuwe-waterbron\/#primaryimage\"},\"thumbnailUrl\":\"https:\/\/www.montedocasarao.com\/wp-content\/uploads\/2015\/03\/Vakantie-in-Portugal-Monte-do-Casarao-Water-18.jpg\",\"datePublished\":\"2015-03-15T15:28:39+00:00\",\"dateModified\":\"2020-05-22T10:21:23+00:00\",\"breadcrumb\":{\"@id\":\"https:\/\/www.montedocasarao.com\/pt-pt\/hoe-het-begon\/nieuwe-waterbron\/#breadcrumb\"},\"inLanguage\":\"pt-PT\",\"potentialAction\":[{\"@type\":\"ReadAction\",\"target\":[\"https:\/\/www.montedocasarao.com\/pt-pt\/hoe-het-begon\/nieuwe-waterbron\/\"]}]},{\"@type\":\"ImageObject\",\"inLanguage\":\"pt-PT\",\"@id\":\"https:\/\/www.montedocasarao.com\/pt-pt\/hoe-het-begon\/nieuwe-waterbron\/#primaryimage\",\"url\":\"https:\/\/www.montedocasarao.com\/wp-content\/uploads\/2015\/03\/Vakantie-in-Portugal-Monte-do-Casarao-Water-18.jpg\",\"contentUrl\":\"https:\/\/www.montedocasarao.com\/wp-content\/uploads\/2015\/03\/Vakantie-in-Portugal-Monte-do-Casarao-Water-18.jpg\",\"width\":800,\"height\":451},{\"@type\":\"BreadcrumbList\",\"@id\":\"https:\/\/www.montedocasarao.com\/pt-pt\/hoe-het-begon\/nieuwe-waterbron\/#breadcrumb\",\"itemListElement\":[{\"@type\":\"ListItem\",\"position\":1,\"name\":\"Home\",\"item\":\"https:\/\/www.montedocasarao.com\/pt-pt\/\"},{\"@type\":\"ListItem\",\"position\":2,\"name\":\"Hist\u00f3ria\",\"item\":\"https:\/\/www.montedocasarao.com\/pt-pt\/hoe-het-begon\/\"},{\"@type\":\"ListItem\",\"position\":3,\"name\":\"Abastecimento de \u00e1gua\"}]},{\"@type\":\"WebSite\",\"@id\":\"https:\/\/www.montedocasarao.com\/#website\",\"url\":\"https:\/\/www.montedocasarao.com\/\",\"name\":\"Monte do Casar\u00e3o\",\"description\":\"\",\"publisher\":{\"@id\":\"https:\/\/www.montedocasarao.com\/#organization\"},\"potentialAction\":[{\"@type\":\"SearchAction\",\"target\":{\"@type\":\"EntryPoint\",\"urlTemplate\":\"https:\/\/www.montedocasarao.com\/?s={search_term_string}\"},\"query-input\":{\"@type\":\"PropertyValueSpecification\",\"valueRequired\":true,\"valueName\":\"search_term_string\"}}],\"inLanguage\":\"pt-PT\"},{\"@type\":\"Organization\",\"@id\":\"https:\/\/www.montedocasarao.com\/#organization\",\"name\":\"Monte do Casar\u00e3o\",\"url\":\"https:\/\/www.montedocasarao.com\/\",\"logo\":{\"@type\":\"ImageObject\",\"inLanguage\":\"pt-PT\",\"@id\":\"https:\/\/www.montedocasarao.com\/#\/schema\/logo\/image\/\",\"url\":\"https:\/\/www.montedocasarao.com\/wp-content\/uploads\/2018\/02\/logo_monte_small.png\",\"contentUrl\":\"https:\/\/www.montedocasarao.com\/wp-content\/uploads\/2018\/02\/logo_monte_small.png\",\"width\":270,\"height\":76,\"caption\":\"Monte do Casar\u00e3o\"},\"image\":{\"@id\":\"https:\/\/www.montedocasarao.com\/#\/schema\/logo\/image\/\"},\"sameAs\":[\"https:\/\/www.facebook.com\/MonteDoCasarao\"]}]}<\/script>\n<!-- \/ Yoast SEO plugin. -->","yoast_head_json":{"title":"Abastecimento de \u00e1gua - Monte do Casar\u00e3o","robots":{"index":"index","follow":"follow","max-snippet":"max-snippet:-1","max-image-preview":"max-image-preview:large","max-video-preview":"max-video-preview:-1"},"canonical":"https:\/\/www.montedocasarao.com\/pt-pt\/hoe-het-begon\/nieuwe-waterbron\/","og_locale":"pt_PT","og_type":"article","og_title":"Abastecimento de \u00e1gua - Monte do Casar\u00e3o","og_description":"[vc_row fullwidth=&#8221;true&#8221; fullwidth_content=&#8221;false&#8221; el_class=&#8221;background-monte-row-home showcase-image&#8221; css=&#8221;.vc_custom_1519055807128{margin-top: 0px !important;margin-right: 0px !important;margin-bottom: 0px !important;margin-left: 0px !important;padding-top: 0px !important;padding-right: 0px !important;padding-bottom: 0px !important;padding-left: 0px !important;}&#8221;][vc_column css=&#8221;.vc_custom_1519055822648{margin-top: 0px !important;margin-right: 0px !important;margin-bottom: 0px !important;margin-left: 0px !important;padding-top: 0px !important;padding-right: 0px !important;padding-bottom: 0px !important;padding-left: 0px !important;}&#8221;][vc_single_image image=&#8221;5062&#8243; img_size=&#8221;full&#8221; alignment=&#8221;center&#8221;][\/vc_column][\/vc_row][vc_row css=&#8221;.vc_custom_1426433093155{padding-bottom: 2% !important;}&#8221;][vc_column width=&#8221;1\/6&#8243;][\/vc_column][vc_column width=&#8221;2\/3&#8243;][vc_column_text css=&#8221;.vc_custom_1590142844967{margin-bottom: 0px !important;}&#8221;] Abastecimento de \u00e1gua Para o [&hellip;]","og_url":"https:\/\/www.montedocasarao.com\/pt-pt\/hoe-het-begon\/nieuwe-waterbron\/","og_site_name":"Monte do Casar\u00e3o","article_publisher":"https:\/\/www.facebook.com\/MonteDoCasarao","article_modified_time":"2020-05-22T10:21:23+00:00","og_image":[{"width":800,"height":451,"url":"https:\/\/www.montedocasarao.com\/wp-content\/uploads\/2015\/03\/Vakantie-in-Portugal-Monte-do-Casarao-Water-18.jpg","type":"image\/jpeg"}],"twitter_misc":{"Tempo estimado de leitura":"3 minutos"},"schema":{"@context":"https:\/\/schema.org","@graph":[{"@type":"WebPage","@id":"https:\/\/www.montedocasarao.com\/pt-pt\/hoe-het-begon\/nieuwe-waterbron\/","url":"https:\/\/www.montedocasarao.com\/pt-pt\/hoe-het-begon\/nieuwe-waterbron\/","name":"Abastecimento de \u00e1gua - Monte do Casar\u00e3o","isPartOf":{"@id":"https:\/\/www.montedocasarao.com\/#website"},"primaryImageOfPage":{"@id":"https:\/\/www.montedocasarao.com\/pt-pt\/hoe-het-begon\/nieuwe-waterbron\/#primaryimage"},"image":{"@id":"https:\/\/www.montedocasarao.com\/pt-pt\/hoe-het-begon\/nieuwe-waterbron\/#primaryimage"},"thumbnailUrl":"https:\/\/www.montedocasarao.com\/wp-content\/uploads\/2015\/03\/Vakantie-in-Portugal-Monte-do-Casarao-Water-18.jpg","datePublished":"2015-03-15T15:28:39+00:00","dateModified":"2020-05-22T10:21:23+00:00","breadcrumb":{"@id":"https:\/\/www.montedocasarao.com\/pt-pt\/hoe-het-begon\/nieuwe-waterbron\/#breadcrumb"},"inLanguage":"pt-PT","potentialAction":[{"@type":"ReadAction","target":["https:\/\/www.montedocasarao.com\/pt-pt\/hoe-het-begon\/nieuwe-waterbron\/"]}]},{"@type":"ImageObject","inLanguage":"pt-PT","@id":"https:\/\/www.montedocasarao.com\/pt-pt\/hoe-het-begon\/nieuwe-waterbron\/#primaryimage","url":"https:\/\/www.montedocasarao.com\/wp-content\/uploads\/2015\/03\/Vakantie-in-Portugal-Monte-do-Casarao-Water-18.jpg","contentUrl":"https:\/\/www.montedocasarao.com\/wp-content\/uploads\/2015\/03\/Vakantie-in-Portugal-Monte-do-Casarao-Water-18.jpg","width":800,"height":451},{"@type":"BreadcrumbList","@id":"https:\/\/www.montedocasarao.com\/pt-pt\/hoe-het-begon\/nieuwe-waterbron\/#breadcrumb","itemListElement":[{"@type":"ListItem","position":1,"name":"Home","item":"https:\/\/www.montedocasarao.com\/pt-pt\/"},{"@type":"ListItem","position":2,"name":"Hist\u00f3ria","item":"https:\/\/www.montedocasarao.com\/pt-pt\/hoe-het-begon\/"},{"@type":"ListItem","position":3,"name":"Abastecimento de \u00e1gua"}]},{"@type":"WebSite","@id":"https:\/\/www.montedocasarao.com\/#website","url":"https:\/\/www.montedocasarao.com\/","name":"Monte do Casar\u00e3o","description":"","publisher":{"@id":"https:\/\/www.montedocasarao.com\/#organization"},"potentialAction":[{"@type":"SearchAction","target":{"@type":"EntryPoint","urlTemplate":"https:\/\/www.montedocasarao.com\/?s={search_term_string}"},"query-input":{"@type":"PropertyValueSpecification","valueRequired":true,"valueName":"search_term_string"}}],"inLanguage":"pt-PT"},{"@type":"Organization","@id":"https:\/\/www.montedocasarao.com\/#organization","name":"Monte do Casar\u00e3o","url":"https:\/\/www.montedocasarao.com\/","logo":{"@type":"ImageObject","inLanguage":"pt-PT","@id":"https:\/\/www.montedocasarao.com\/#\/schema\/logo\/image\/","url":"https:\/\/www.montedocasarao.com\/wp-content\/uploads\/2018\/02\/logo_monte_small.png","contentUrl":"https:\/\/www.montedocasarao.com\/wp-content\/uploads\/2018\/02\/logo_monte_small.png","width":270,"height":76,"caption":"Monte do Casar\u00e3o"},"image":{"@id":"https:\/\/www.montedocasarao.com\/#\/schema\/logo\/image\/"},"sameAs":["https:\/\/www.facebook.com\/MonteDoCasarao"]}]}},"_links":{"self":[{"href":"https:\/\/www.montedocasarao.com\/pt-pt\/wp-json\/wp\/v2\/pages\/8179","targetHints":{"allow":["GET"]}}],"collection":[{"href":"https:\/\/www.montedocasarao.com\/pt-pt\/wp-json\/wp\/v2\/pages"}],"about":[{"href":"https:\/\/www.montedocasarao.com\/pt-pt\/wp-json\/wp\/v2\/types\/page"}],"author":[{"embeddable":true,"href":"https:\/\/www.montedocasarao.com\/pt-pt\/wp-json\/wp\/v2\/users\/5"}],"replies":[{"embeddable":true,"href":"https:\/\/www.montedocasarao.com\/pt-pt\/wp-json\/wp\/v2\/comments?post=8179"}],"version-history":[{"count":7,"href":"https:\/\/www.montedocasarao.com\/pt-pt\/wp-json\/wp\/v2\/pages\/8179\/revisions"}],"predecessor-version":[{"id":14374,"href":"https:\/\/www.montedocasarao.com\/pt-pt\/wp-json\/wp\/v2\/pages\/8179\/revisions\/14374"}],"up":[{"embeddable":true,"href":"https:\/\/www.montedocasarao.com\/pt-pt\/wp-json\/wp\/v2\/pages\/8162"}],"wp:featuredmedia":[{"embeddable":true,"href":"https:\/\/www.montedocasarao.com\/pt-pt\/wp-json\/wp\/v2\/media\/5069"}],"wp:attachment":[{"href":"https:\/\/www.montedocasarao.com\/pt-pt\/wp-json\/wp\/v2\/media?parent=8179"}],"curies":[{"name":"wp","href":"https:\/\/api.w.org\/{rel}","templated":true}]}}