{"id":8199,"date":"2015-03-15T15:11:08","date_gmt":"2015-03-15T14:11:08","guid":{"rendered":"https:\/\/www.montedocasarao.com\/pt-pt\/monte-do-casarao\/de-sterren\/"},"modified":"2020-05-17T12:40:31","modified_gmt":"2020-05-17T11:40:31","slug":"sterrenhemel","status":"publish","type":"page","link":"https:\/\/www.montedocasarao.com\/pt-pt\/monte-do-casarao\/sterrenhemel\/","title":{"rendered":"Sterrenhemel op Monte do Casar\u00e3o"},"content":{"rendered":"<div class=\"wpb-content-wrapper\">[vc_row fullwidth=&#8221;true&#8221; fullwidth_content=&#8221;false&#8221; el_class=&#8221;background-monte-row-home showcase-image&#8221; css=&#8221;.vc_custom_1519055807128{margin-top: 0px !important;margin-right: 0px !important;margin-bottom: 0px !important;margin-left: 0px !important;padding-top: 0px !important;padding-right: 0px !important;padding-bottom: 0px !important;padding-left: 0px !important;}&#8221;][vc_column css=&#8221;.vc_custom_1519055822648{margin-top: 0px !important;margin-right: 0px !important;margin-bottom: 0px !important;margin-left: 0px !important;padding-top: 0px !important;padding-right: 0px !important;padding-bottom: 0px !important;padding-left: 0px !important;}&#8221;][vc_single_image image=&#8221;9143&#8243; img_size=&#8221;full&#8221; alignment=&#8221;center&#8221;][\/vc_column][\/vc_row][vc_row][vc_column width=&#8221;1\/6&#8243;][\/vc_column][vc_column width=&#8221;2\/3&#8243;][vc_column_text css=&#8221;.vc_custom_1520081976489{margin-bottom: 0px !important;}&#8221;]\n<h1 style=\"text-align: center;\">Starry Sky<\/h1>\n<p>The starry sky is fascinating. In most parts of Europe \u2013 as well as vast parts of Britain \u2013 fewer and fewer stars can be seen as a result of light pollution and smog. If you want to enjoy the starry sky to the full, you\u2019ll have to find a place that shows stars in full splendour. According to connoisseurs, Monte do Casar\u00e3o is such a place. Astrophotographer <strong>Carsten Jacobs<\/strong> and amateur-astronomer <strong>Tom Zalmstra<\/strong> were here and they are happy to share their experiences.<\/p>\n<h2>Carsten Jacobs\u2019s starry sky<\/h2>\n<p>Normally, Carsten Jacobs travels to Namibia to take pictures of the stars at the International Amateur Observatory. He was at least as happy with the pictures he took on Monte do Casar\u00e3o and with the circumstances here. He photographed both the <strong>Orion\u2019s Belt<\/strong> (M 78) with the <strong>Horsehead Nebula<\/strong> and parts of <strong>Barnards Loop<\/strong> as well as the <strong>Rosette Nebula<\/strong> (NGC 2244) and the <strong>Christmas Tree Cluster<\/strong> (NGC 2264) in the <strong>Monoceros<\/strong> constellation. The photos have been taken with an RGB and an H-alpha filter with a two-hour exposition time. The camera Jacobs used is an FLI ML 16803, with a Mamiya long-focus lens 645 300mm 1:5,6.<br \/>\nWe are allowed to use the pictures he has taken. You can find more pictures taken by him (and by fellow-astrophotographers) on the (German-language) website www.ias-observatory.org<\/p>\n<h2>Tom Zalmstra\u2019s starry sky<\/h2>\n<p>Monte do Casar\u00e3o is eminently suitable for enjoying the starry sky. Firstly, this is due to the rest and relaxation a holiday brings on. <strong>To enjoy stargazing, you really need to take your time<\/strong>. That goes for the beginner who is trying to recognize constellations and waiting for shooting stars from his deck chair. And it goes for the experience observer who is looking for pale nebulas with the aid of a telescope and a detailed atlas and tries to recognize the tiniest details by gazing at them for the longest time.<br \/>\nThen, <strong>there\u2019s the darkness<\/strong> of course. Monte do Casar\u00e3o is really dark. In Britain, you\u2019ll have to travel far north to find a place where it\u2019s this dark. Moreover, the Alentejo climate provides a dry transparent sky that helps you see far more stars, nebulas and constellations than elsewhere. You can tell with the naked eye, with binoculars and with a real telescope. For those in the know: an SQM value of 21.7 is quite ordinary here.<br \/>\n<strong>Lastly, there\u2019s the locatio<\/strong>n. Southern Portugal lies 15 degrees further south than London. In daytime, you can tell by the sun, which is 15 degrees higher and yields more heat. At night, all stars are 15 degrees higher as well and for that reason, they are easier to see. The vast advantage for stargazers (astronomers) is that objects that in Britain tend to remain hidden behind the horizon actually become visible here.<br \/>\nOne example is the <strong>Centaurus constellation<\/strong>, featuring many beautiful nebulas and stars. In Portugal, the spectacular globular cluster of Omega Centauri can just be glimpsed above the horizon.<br \/>\nAnother example is the environment of the constellations of<strong> Scorpius<\/strong> and <strong>Sagittarius<\/strong>: the <strong>most beautiful parts of the Milky Way<\/strong>. In Western Europe this area may just rise above the horizon during the summer and then usually drowns in the light soup of the nearest town of village. On Monte do Casar\u00e3o these constellations rise well above the horizon (in the evenings during the summer or at night in the spring) so that you can make the most of the stunning objects: through binoculars you can look out for e.g. the Lagoon Nebula and Trifid nebula at your leisure, enjoying beautiful structures in the Milky Way.<\/p>\n<h2>Starry sky in real time<\/h2>\n<p>Before long, you\u2019ll be able to view the starry sky above Monte do Casar\u00e3o through a real telescope: the Sky-Watcher Skyliner-300P Flex Tube 30 12 inch Dobson.<br \/>\nIt\u2019s a present from our guests, to us and to our guests. We are really happy with it. We\u2019ll be having a great time in the darkest hours of the night.[\/vc_column_text][\/vc_column][vc_column width=&#8221;1\/6&#8243;][\/vc_column][\/vc_row][vc_row][vc_column css=&#8221;.vc_custom_1519477355762{padding-top: 2% !important;padding-bottom: 3% !important;}&#8221; offset=&#8221;vc_hidden-xs&#8221;][vc_masonry_media_grid element_width=&#8221;2&#8243; filter_size=&#8221;md&#8221; arrows_design=&#8221;none&#8221; arrows_position=&#8221;inside&#8221; arrows_color=&#8221;blue&#8221; paging_design=&#8221;radio_dots&#8221; paging_color=&#8221;grey&#8221; loop=&#8221;&#8221; autoplay=&#8221;-1&#8243; include=&#8221;9151,9147,9139,9135,9159,9173&#8243; grid_id=&#8221;vc_gid:1520081900802-a0e3d120-19a9-4&#8243;][\/vc_column][\/vc_row][vc_row][vc_column css=&#8221;.vc_custom_1519124878614{padding-top: 2% !important;padding-bottom: 3% !important;}&#8221; offset=&#8221;vc_hidden-lg vc_hidden-md vc_hidden-sm&#8221;][vc_images_carousel images=&#8221;9151,9147,9139,9135,9159,9173&#8243; img_size=&#8221;full&#8221; onclick=&#8221;link_no&#8221;][\/vc_column][\/vc_row][vc_row fullwidth=&#8221;true&#8221; fullwidth_content=&#8221;false&#8221; el_class=&#8221;background&#8221; css=&#8221;.vc_custom_1519085074946{padding-top: 0px !important;padding-bottom: 0px !important;}&#8221;][vc_column css=&#8221;.vc_custom_1519085062491{padding-top: 0px !important;padding-bottom: 0px !important;}&#8221;][vc_row_inner el_class=&#8221;midden row-background-1200&#8243; css=&#8221;.vc_custom_1519085098693{padding-top: 0px !important;padding-bottom: 0px !important;}&#8221;][vc_column_inner el_class=&#8221;green-red-section-kolomn-1&#8243; width=&#8221;1\/4&#8243;][vc_empty_space height=&#8221;40px&#8221;][vc_widget_sidebar sidebar_id=&#8221;sidebar-3&#8243;][vc_empty_space height=&#8221;40px&#8221;][\/vc_column_inner][vc_column_inner el_class=&#8221;blok23_schilderweek green-red-section-kolomn-2&#8243; width=&#8221;1\/4&#8243;][vc_empty_space height=&#8221;40px&#8221;][vc_widget_sidebar sidebar_id=&#8221;sidebar-5&#8243;][vc_empty_space height=&#8221;40px&#8221;][\/vc_column_inner][vc_column_inner el_class=&#8221;blok4_nieuwsbrief green-red-section-kolomn-3&#8243; width=&#8221;1\/2&#8243;][vc_empty_space height=&#8221;40px&#8221;][vc_widget_sidebar sidebar_id=&#8221;sidebar-4&#8243;][vc_empty_space height=&#8221;40px&#8221;][\/vc_column_inner][\/vc_row_inner][\/vc_column][\/vc_row][vc_row css=&#8221;.vc_custom_1518140259470{padding-top: 50px !important;padding-bottom: 50px !important;}&#8221;][vc_column][vc_column_text css=&#8221;.vc_custom_1520081919615{margin-bottom: 0px !important;}&#8221;]\n<h2 style=\"text-align: center;\">READ OUR LATEST BLOGS<\/h2>\n[\/vc_column_text][mk_blog_teaser orderby=&#8221;rand&#8221;][\/vc_column][\/vc_row]\n<\/div>","protected":false},"excerpt":{"rendered":"<p>[vc_row fullwidth=&#8221;true&#8221; fullwidth_content=&#8221;false&#8221; el_class=&#8221;background-monte-row-home showcase-image&#8221; css=&#8221;.vc_custom_1519055807128{margin-top: 0px !important;margin-right: 0px !important;margin-bottom: 0px !important;margin-left: 0px !important;padding-top: 0px !important;padding-right: 0px !important;padding-bottom: 0px !important;padding-left: 0px !important;}&#8221;][vc_column css=&#8221;.vc_custom_1519055822648{margin-top: 0px !important;margin-right: 0px !important;margin-bottom: 0px !important;margin-left: 0px !important;padding-top: 0px !important;padding-right: 0px !important;padding-bottom: 0px !important;padding-left: 0px !important;}&#8221;][vc_single_image image=&#8221;9143&#8243; img_size=&#8221;full&#8221; alignment=&#8221;center&#8221;][\/vc_column][\/vc_row][vc_row][vc_column width=&#8221;1\/6&#8243;][\/vc_column][vc_column width=&#8221;2\/3&#8243;][vc_column_text css=&#8221;.vc_custom_1520081976489{margin-bottom: 0px !important;}&#8221;] Starry Sky The starry sky is fascinating. In [&hellip;]<\/p>\n","protected":false},"author":5,"featured_media":9392,"parent":8196,"menu_order":0,"comment_status":"open","ping_status":"open","template":"","meta":{"_monsterinsights_skip_tracking":false,"_monsterinsights_sitenote_active":false,"_monsterinsights_sitenote_note":"","_monsterinsights_sitenote_category":0,"footnotes":""},"class_list":["post-8199","page","type-page","status-publish","has-post-thumbnail","hentry"],"yoast_head":"<!-- This site is optimized with the Yoast SEO plugin v27.1.1 - https:\/\/yoast.com\/product\/yoast-seo-wordpress\/ -->\n<title>Sterrenhemel op Monte do Casar\u00e3o - Monte do Casar\u00e3o<\/title>\n<meta name=\"description\" content=\"Duisternis, rust en gunstige ligging: op Monte do Casar\u00e3o vindt u de voorwaarden om optimaal kunnen genieten van de overweldigende sterrenhemel.\" \/>\n<meta name=\"robots\" content=\"index, follow, max-snippet:-1, max-image-preview:large, max-video-preview:-1\" \/>\n<link rel=\"canonical\" href=\"https:\/\/www.montedocasarao.com\/pt-pt\/monte-do-casarao\/sterrenhemel\/\" \/>\n<meta property=\"og:locale\" content=\"pt_PT\" \/>\n<meta property=\"og:type\" content=\"article\" \/>\n<meta property=\"og:title\" content=\"Sterrenhemel op Monte do Casar\u00e3o - Monte do Casar\u00e3o\" \/>\n<meta property=\"og:description\" content=\"Duisternis, rust en gunstige ligging: op Monte do Casar\u00e3o vindt u de voorwaarden om optimaal kunnen genieten van de overweldigende sterrenhemel.\" \/>\n<meta property=\"og:url\" content=\"https:\/\/www.montedocasarao.com\/pt-pt\/monte-do-casarao\/sterrenhemel\/\" \/>\n<meta property=\"og:site_name\" content=\"Monte do Casar\u00e3o\" \/>\n<meta property=\"article:publisher\" content=\"https:\/\/www.facebook.com\/MonteDoCasarao\" \/>\n<meta property=\"article:modified_time\" content=\"2020-05-17T11:40:31+00:00\" \/>\n<meta property=\"og:image\" content=\"https:\/\/www.montedocasarao.com\/wp-content\/uploads\/2015\/03\/Barnards-Loop-Horsehead-FLI300f56-R-HaGB-800x450-1.jpg\" \/>\n\t<meta property=\"og:image:width\" content=\"800\" \/>\n\t<meta property=\"og:image:height\" content=\"450\" \/>\n\t<meta property=\"og:image:type\" content=\"image\/jpeg\" \/>\n<meta name=\"twitter:label1\" content=\"Tempo estimado de leitura\" \/>\n\t<meta name=\"twitter:data1\" content=\"5 minutos\" \/>\n<script type=\"application\/ld+json\" class=\"yoast-schema-graph\">{\"@context\":\"https:\/\/schema.org\",\"@graph\":[{\"@type\":\"WebPage\",\"@id\":\"https:\/\/www.montedocasarao.com\/pt-pt\/monte-do-casarao\/sterrenhemel\/\",\"url\":\"https:\/\/www.montedocasarao.com\/pt-pt\/monte-do-casarao\/sterrenhemel\/\",\"name\":\"Sterrenhemel op Monte do Casar\u00e3o - Monte do Casar\u00e3o\",\"isPartOf\":{\"@id\":\"https:\/\/www.montedocasarao.com\/#website\"},\"primaryImageOfPage\":{\"@id\":\"https:\/\/www.montedocasarao.com\/pt-pt\/monte-do-casarao\/sterrenhemel\/#primaryimage\"},\"image\":{\"@id\":\"https:\/\/www.montedocasarao.com\/pt-pt\/monte-do-casarao\/sterrenhemel\/#primaryimage\"},\"thumbnailUrl\":\"https:\/\/www.montedocasarao.com\/wp-content\/uploads\/2015\/03\/Barnards-Loop-Horsehead-FLI300f56-R-HaGB-800x450-1.jpg\",\"datePublished\":\"2015-03-15T14:11:08+00:00\",\"dateModified\":\"2020-05-17T11:40:31+00:00\",\"description\":\"Duisternis, rust en gunstige ligging: op Monte do Casar\u00e3o vindt u de voorwaarden om optimaal kunnen genieten van de overweldigende sterrenhemel.\",\"breadcrumb\":{\"@id\":\"https:\/\/www.montedocasarao.com\/pt-pt\/monte-do-casarao\/sterrenhemel\/#breadcrumb\"},\"inLanguage\":\"pt-PT\",\"potentialAction\":[{\"@type\":\"ReadAction\",\"target\":[\"https:\/\/www.montedocasarao.com\/pt-pt\/monte-do-casarao\/sterrenhemel\/\"]}]},{\"@type\":\"ImageObject\",\"inLanguage\":\"pt-PT\",\"@id\":\"https:\/\/www.montedocasarao.com\/pt-pt\/monte-do-casarao\/sterrenhemel\/#primaryimage\",\"url\":\"https:\/\/www.montedocasarao.com\/wp-content\/uploads\/2015\/03\/Barnards-Loop-Horsehead-FLI300f56-R-HaGB-800x450-1.jpg\",\"contentUrl\":\"https:\/\/www.montedocasarao.com\/wp-content\/uploads\/2015\/03\/Barnards-Loop-Horsehead-FLI300f56-R-HaGB-800x450-1.jpg\",\"width\":800,\"height\":450,\"caption\":\"M78-FLI300f56-\"},{\"@type\":\"BreadcrumbList\",\"@id\":\"https:\/\/www.montedocasarao.com\/pt-pt\/monte-do-casarao\/sterrenhemel\/#breadcrumb\",\"itemListElement\":[{\"@type\":\"ListItem\",\"position\":1,\"name\":\"Home\",\"item\":\"https:\/\/www.montedocasarao.com\/pt-pt\/\"},{\"@type\":\"ListItem\",\"position\":2,\"name\":\"Monte do Casarao\",\"item\":\"https:\/\/www.montedocasarao.com\/pt-pt\/monte-do-casarao\/\"},{\"@type\":\"ListItem\",\"position\":3,\"name\":\"Sterrenhemel op Monte do Casar\u00e3o\"}]},{\"@type\":\"WebSite\",\"@id\":\"https:\/\/www.montedocasarao.com\/#website\",\"url\":\"https:\/\/www.montedocasarao.com\/\",\"name\":\"Monte do Casar\u00e3o\",\"description\":\"\",\"publisher\":{\"@id\":\"https:\/\/www.montedocasarao.com\/#organization\"},\"potentialAction\":[{\"@type\":\"SearchAction\",\"target\":{\"@type\":\"EntryPoint\",\"urlTemplate\":\"https:\/\/www.montedocasarao.com\/?s={search_term_string}\"},\"query-input\":{\"@type\":\"PropertyValueSpecification\",\"valueRequired\":true,\"valueName\":\"search_term_string\"}}],\"inLanguage\":\"pt-PT\"},{\"@type\":\"Organization\",\"@id\":\"https:\/\/www.montedocasarao.com\/#organization\",\"name\":\"Monte do Casar\u00e3o\",\"url\":\"https:\/\/www.montedocasarao.com\/\",\"logo\":{\"@type\":\"ImageObject\",\"inLanguage\":\"pt-PT\",\"@id\":\"https:\/\/www.montedocasarao.com\/#\/schema\/logo\/image\/\",\"url\":\"https:\/\/www.montedocasarao.com\/wp-content\/uploads\/2018\/02\/logo_monte_small.png\",\"contentUrl\":\"https:\/\/www.montedocasarao.com\/wp-content\/uploads\/2018\/02\/logo_monte_small.png\",\"width\":270,\"height\":76,\"caption\":\"Monte do Casar\u00e3o\"},\"image\":{\"@id\":\"https:\/\/www.montedocasarao.com\/#\/schema\/logo\/image\/\"},\"sameAs\":[\"https:\/\/www.facebook.com\/MonteDoCasarao\"]}]}<\/script>\n<!-- \/ Yoast SEO plugin. -->","yoast_head_json":{"title":"Sterrenhemel op Monte do Casar\u00e3o - Monte do Casar\u00e3o","description":"Duisternis, rust en gunstige ligging: op Monte do Casar\u00e3o vindt u de voorwaarden om optimaal kunnen genieten van de overweldigende sterrenhemel.","robots":{"index":"index","follow":"follow","max-snippet":"max-snippet:-1","max-image-preview":"max-image-preview:large","max-video-preview":"max-video-preview:-1"},"canonical":"https:\/\/www.montedocasarao.com\/pt-pt\/monte-do-casarao\/sterrenhemel\/","og_locale":"pt_PT","og_type":"article","og_title":"Sterrenhemel op Monte do Casar\u00e3o - Monte do Casar\u00e3o","og_description":"Duisternis, rust en gunstige ligging: op Monte do Casar\u00e3o vindt u de voorwaarden om optimaal kunnen genieten van de overweldigende sterrenhemel.","og_url":"https:\/\/www.montedocasarao.com\/pt-pt\/monte-do-casarao\/sterrenhemel\/","og_site_name":"Monte do Casar\u00e3o","article_publisher":"https:\/\/www.facebook.com\/MonteDoCasarao","article_modified_time":"2020-05-17T11:40:31+00:00","og_image":[{"width":800,"height":450,"url":"https:\/\/www.montedocasarao.com\/wp-content\/uploads\/2015\/03\/Barnards-Loop-Horsehead-FLI300f56-R-HaGB-800x450-1.jpg","type":"image\/jpeg"}],"twitter_misc":{"Tempo estimado de leitura":"5 minutos"},"schema":{"@context":"https:\/\/schema.org","@graph":[{"@type":"WebPage","@id":"https:\/\/www.montedocasarao.com\/pt-pt\/monte-do-casarao\/sterrenhemel\/","url":"https:\/\/www.montedocasarao.com\/pt-pt\/monte-do-casarao\/sterrenhemel\/","name":"Sterrenhemel op Monte do Casar\u00e3o - Monte do Casar\u00e3o","isPartOf":{"@id":"https:\/\/www.montedocasarao.com\/#website"},"primaryImageOfPage":{"@id":"https:\/\/www.montedocasarao.com\/pt-pt\/monte-do-casarao\/sterrenhemel\/#primaryimage"},"image":{"@id":"https:\/\/www.montedocasarao.com\/pt-pt\/monte-do-casarao\/sterrenhemel\/#primaryimage"},"thumbnailUrl":"https:\/\/www.montedocasarao.com\/wp-content\/uploads\/2015\/03\/Barnards-Loop-Horsehead-FLI300f56-R-HaGB-800x450-1.jpg","datePublished":"2015-03-15T14:11:08+00:00","dateModified":"2020-05-17T11:40:31+00:00","description":"Duisternis, rust en gunstige ligging: op Monte do Casar\u00e3o vindt u de voorwaarden om optimaal kunnen genieten van de overweldigende sterrenhemel.","breadcrumb":{"@id":"https:\/\/www.montedocasarao.com\/pt-pt\/monte-do-casarao\/sterrenhemel\/#breadcrumb"},"inLanguage":"pt-PT","potentialAction":[{"@type":"ReadAction","target":["https:\/\/www.montedocasarao.com\/pt-pt\/monte-do-casarao\/sterrenhemel\/"]}]},{"@type":"ImageObject","inLanguage":"pt-PT","@id":"https:\/\/www.montedocasarao.com\/pt-pt\/monte-do-casarao\/sterrenhemel\/#primaryimage","url":"https:\/\/www.montedocasarao.com\/wp-content\/uploads\/2015\/03\/Barnards-Loop-Horsehead-FLI300f56-R-HaGB-800x450-1.jpg","contentUrl":"https:\/\/www.montedocasarao.com\/wp-content\/uploads\/2015\/03\/Barnards-Loop-Horsehead-FLI300f56-R-HaGB-800x450-1.jpg","width":800,"height":450,"caption":"M78-FLI300f56-"},{"@type":"BreadcrumbList","@id":"https:\/\/www.montedocasarao.com\/pt-pt\/monte-do-casarao\/sterrenhemel\/#breadcrumb","itemListElement":[{"@type":"ListItem","position":1,"name":"Home","item":"https:\/\/www.montedocasarao.com\/pt-pt\/"},{"@type":"ListItem","position":2,"name":"Monte do Casarao","item":"https:\/\/www.montedocasarao.com\/pt-pt\/monte-do-casarao\/"},{"@type":"ListItem","position":3,"name":"Sterrenhemel op Monte do Casar\u00e3o"}]},{"@type":"WebSite","@id":"https:\/\/www.montedocasarao.com\/#website","url":"https:\/\/www.montedocasarao.com\/","name":"Monte do Casar\u00e3o","description":"","publisher":{"@id":"https:\/\/www.montedocasarao.com\/#organization"},"potentialAction":[{"@type":"SearchAction","target":{"@type":"EntryPoint","urlTemplate":"https:\/\/www.montedocasarao.com\/?s={search_term_string}"},"query-input":{"@type":"PropertyValueSpecification","valueRequired":true,"valueName":"search_term_string"}}],"inLanguage":"pt-PT"},{"@type":"Organization","@id":"https:\/\/www.montedocasarao.com\/#organization","name":"Monte do Casar\u00e3o","url":"https:\/\/www.montedocasarao.com\/","logo":{"@type":"ImageObject","inLanguage":"pt-PT","@id":"https:\/\/www.montedocasarao.com\/#\/schema\/logo\/image\/","url":"https:\/\/www.montedocasarao.com\/wp-content\/uploads\/2018\/02\/logo_monte_small.png","contentUrl":"https:\/\/www.montedocasarao.com\/wp-content\/uploads\/2018\/02\/logo_monte_small.png","width":270,"height":76,"caption":"Monte do Casar\u00e3o"},"image":{"@id":"https:\/\/www.montedocasarao.com\/#\/schema\/logo\/image\/"},"sameAs":["https:\/\/www.facebook.com\/MonteDoCasarao"]}]}},"_links":{"self":[{"href":"https:\/\/www.montedocasarao.com\/pt-pt\/wp-json\/wp\/v2\/pages\/8199","targetHints":{"allow":["GET"]}}],"collection":[{"href":"https:\/\/www.montedocasarao.com\/pt-pt\/wp-json\/wp\/v2\/pages"}],"about":[{"href":"https:\/\/www.montedocasarao.com\/pt-pt\/wp-json\/wp\/v2\/types\/page"}],"author":[{"embeddable":true,"href":"https:\/\/www.montedocasarao.com\/pt-pt\/wp-json\/wp\/v2\/users\/5"}],"replies":[{"embeddable":true,"href":"https:\/\/www.montedocasarao.com\/pt-pt\/wp-json\/wp\/v2\/comments?post=8199"}],"version-history":[{"count":8,"href":"https:\/\/www.montedocasarao.com\/pt-pt\/wp-json\/wp\/v2\/pages\/8199\/revisions"}],"predecessor-version":[{"id":14271,"href":"https:\/\/www.montedocasarao.com\/pt-pt\/wp-json\/wp\/v2\/pages\/8199\/revisions\/14271"}],"up":[{"embeddable":true,"href":"https:\/\/www.montedocasarao.com\/pt-pt\/wp-json\/wp\/v2\/pages\/8196"}],"wp:featuredmedia":[{"embeddable":true,"href":"https:\/\/www.montedocasarao.com\/pt-pt\/wp-json\/wp\/v2\/media\/9392"}],"wp:attachment":[{"href":"https:\/\/www.montedocasarao.com\/pt-pt\/wp-json\/wp\/v2\/media?parent=8199"}],"curies":[{"name":"wp","href":"https:\/\/api.w.org\/{rel}","templated":true}]}}